{"id":937,"date":"2024-02-07T18:59:42","date_gmt":"2024-02-07T18:59:42","guid":{"rendered":"https:\/\/andresmanjon.es\/?page_id=937"},"modified":"2024-10-17T12:15:48","modified_gmt":"2024-10-17T11:15:48","slug":"arbol-genealogico-avemariano","status":"publish","type":"page","link":"https:\/\/andresmanjon.es\/index.php\/arbol-genealogico-avemariano\/","title":{"rendered":"\u00c1RBOL GENEAL\u00d3GICO AVEMARIANO"},"content":{"rendered":"\t\t<div data-elementor-type=\"wp-page\" data-elementor-id=\"937\" class=\"elementor elementor-937\" data-elementor-post-type=\"page\">\n\t\t\t\t<div class=\"elementor-element elementor-element-8b79052 e-flex e-con-boxed e-con e-parent\" data-id=\"8b79052\" data-element_type=\"container\" data-e-type=\"container\">\n\t\t\t\t\t<div class=\"e-con-inner\">\n\t\t<div class=\"elementor-element elementor-element-403355f e-con-full e-flex e-con e-child\" data-id=\"403355f\" data-element_type=\"container\" data-e-type=\"container\">\n\t\t\t\t<div class=\"elementor-element elementor-element-039ce68 elementor-widget elementor-widget-image\" data-id=\"039ce68\" data-element_type=\"widget\" data-e-type=\"widget\" data-widget_type=\"image.default\">\n\t\t\t\t<div class=\"elementor-widget-container\">\n\t\t\t\t\t\t\t\t\t\t\t\t\t\t\t<img decoding=\"async\" width=\"150\" height=\"150\" src=\"https:\/\/i0.wp.com\/andresmanjon.es\/wp-content\/uploads\/2024\/02\/jimenzfajardo-e1707736881481.jpg?resize=150%2C150&amp;ssl=1\" class=\"attachment-thumbnail size-thumbnail wp-image-955\" alt=\"\" srcset=\"https:\/\/i0.wp.com\/andresmanjon.es\/wp-content\/uploads\/2024\/02\/jimenzfajardo-e1707736881481.jpg?resize=150%2C150&amp;ssl=1 150w, https:\/\/i0.wp.com\/andresmanjon.es\/wp-content\/uploads\/2024\/02\/jimenzfajardo-e1707736881481.jpg?zoom=2&amp;resize=150%2C150&amp;ssl=1 300w, https:\/\/i0.wp.com\/andresmanjon.es\/wp-content\/uploads\/2024\/02\/jimenzfajardo-e1707736881481.jpg?zoom=3&amp;resize=150%2C150&amp;ssl=1 450w\" sizes=\"(max-width: 150px) 100vw, 150px\" \/>\t\t\t\t\t\t\t\t\t\t\t\t\t\t\t<\/div>\n\t\t\t\t<\/div>\n\t\t\t\t<div class=\"elementor-element elementor-element-3021ea4 elementor-widget elementor-widget-heading\" data-id=\"3021ea4\" data-element_type=\"widget\" data-e-type=\"widget\" data-widget_type=\"heading.default\">\n\t\t\t\t<div class=\"elementor-widget-container\">\n\t\t\t\t\t<h2 class=\"elementor-heading-title elementor-size-default\">D. JOS\u00c9 JIM\u00c9NEZ FAJARDO<\/h2>\t\t\t\t<\/div>\n\t\t\t\t<\/div>\n\t\t\t\t<\/div>\n\t\t<div class=\"elementor-element elementor-element-eccc16e e-con-full e-flex e-con e-child\" data-id=\"eccc16e\" data-element_type=\"container\" data-e-type=\"container\">\n\t\t\t\t<div class=\"elementor-element elementor-element-20672bd elementor-widget elementor-widget-image\" data-id=\"20672bd\" data-element_type=\"widget\" data-e-type=\"widget\" data-widget_type=\"image.default\">\n\t\t\t\t<div class=\"elementor-widget-container\">\n\t\t\t\t\t\t\t\t\t\t\t\t\t\t\t<img decoding=\"async\" width=\"150\" height=\"150\" src=\"https:\/\/i0.wp.com\/andresmanjon.es\/wp-content\/uploads\/2024\/10\/DIEGOVENTAJA.jpeg?resize=150%2C150&amp;ssl=1\" class=\"attachment-thumbnail size-thumbnail wp-image-1849\" alt=\"\" \/>\t\t\t\t\t\t\t\t\t\t\t\t\t\t\t<\/div>\n\t\t\t\t<\/div>\n\t\t\t\t<div class=\"elementor-element elementor-element-e87a414 elementor-widget elementor-widget-heading\" data-id=\"e87a414\" data-element_type=\"widget\" data-e-type=\"widget\" data-widget_type=\"heading.default\">\n\t\t\t\t<div class=\"elementor-widget-container\">\n\t\t\t\t\t<h2 class=\"elementor-heading-title elementor-size-default\">BEATO DON  DIEGO VENTAJA MIL\u00c1N<\/h2>\t\t\t\t<\/div>\n\t\t\t\t<\/div>\n\t\t\t\t<\/div>\n\t\t<div class=\"elementor-element elementor-element-2bc45ad e-con-full e-flex e-con e-child\" data-id=\"2bc45ad\" data-element_type=\"container\" data-e-type=\"container\">\n\t\t\t\t<div class=\"elementor-element elementor-element-66821a0 elementor-widget elementor-widget-image\" data-id=\"66821a0\" data-element_type=\"widget\" data-e-type=\"widget\" data-widget_type=\"image.default\">\n\t\t\t\t<div class=\"elementor-widget-container\">\n\t\t\t\t\t\t\t\t\t\t\t\t\t\t\t<img decoding=\"async\" width=\"150\" height=\"150\" src=\"https:\/\/i0.wp.com\/andresmanjon.es\/wp-content\/uploads\/2024\/10\/pedro-manjon.jpg?resize=150%2C150&amp;ssl=1\" class=\"attachment-thumbnail size-thumbnail wp-image-1806\" alt=\"\" \/>\t\t\t\t\t\t\t\t\t\t\t\t\t\t\t<\/div>\n\t\t\t\t<\/div>\n\t\t\t\t<div class=\"elementor-element elementor-element-154ac50 elementor-widget elementor-widget-heading\" data-id=\"154ac50\" data-element_type=\"widget\" data-e-type=\"widget\" data-widget_type=\"heading.default\">\n\t\t\t\t<div class=\"elementor-widget-container\">\n\t\t\t\t\t<h2 class=\"elementor-heading-title elementor-size-default\">D. PEDRO MAJ\u00d3N LASTRA<\/h2>\t\t\t\t<\/div>\n\t\t\t\t<\/div>\n\t\t\t\t<\/div>\n\t\t<div class=\"elementor-element elementor-element-c9b33ee e-con-full e-flex e-con e-child\" data-id=\"c9b33ee\" data-element_type=\"container\" data-e-type=\"container\">\n\t\t\t\t<div class=\"elementor-element elementor-element-3ec359e elementor-widget elementor-widget-image\" data-id=\"3ec359e\" data-element_type=\"widget\" data-e-type=\"widget\" data-widget_type=\"image.default\">\n\t\t\t\t<div class=\"elementor-widget-container\">\n\t\t\t\t\t\t\t\t\t\t\t\t\t\t\t<img loading=\"lazy\" decoding=\"async\" width=\"150\" height=\"150\" src=\"https:\/\/i0.wp.com\/andresmanjon.es\/wp-content\/uploads\/2024\/10\/JORGEGUILLEN2-e1729163434185.jpg?resize=150%2C150&amp;ssl=1\" class=\"attachment-thumbnail size-thumbnail wp-image-1827\" alt=\"\" srcset=\"https:\/\/i0.wp.com\/andresmanjon.es\/wp-content\/uploads\/2024\/10\/JORGEGUILLEN2-e1729163434185.jpg?resize=150%2C150&amp;ssl=1 150w, https:\/\/i0.wp.com\/andresmanjon.es\/wp-content\/uploads\/2024\/10\/JORGEGUILLEN2-e1729163434185.jpg?zoom=2&amp;resize=150%2C150&amp;ssl=1 300w, https:\/\/i0.wp.com\/andresmanjon.es\/wp-content\/uploads\/2024\/10\/JORGEGUILLEN2-e1729163434185.jpg?zoom=3&amp;resize=150%2C150&amp;ssl=1 450w\" sizes=\"(max-width: 150px) 100vw, 150px\" \/>\t\t\t\t\t\t\t\t\t\t\t\t\t\t\t<\/div>\n\t\t\t\t<\/div>\n\t\t\t\t<div class=\"elementor-element elementor-element-b464a31 elementor-widget elementor-widget-heading\" data-id=\"b464a31\" data-element_type=\"widget\" data-e-type=\"widget\" data-widget_type=\"heading.default\">\n\t\t\t\t<div class=\"elementor-widget-container\">\n\t\t\t\t\t<h2 class=\"elementor-heading-title elementor-size-default\">DON JORGE GUILLEN GARC\u00cdA<\/h2>\t\t\t\t<\/div>\n\t\t\t\t<\/div>\n\t\t\t\t<\/div>\n\t\t<div class=\"elementor-element elementor-element-b5a1a67 e-con-full e-flex e-con e-child\" data-id=\"b5a1a67\" data-element_type=\"container\" data-e-type=\"container\">\n\t\t\t\t<div class=\"elementor-element elementor-element-5d61fca elementor-widget elementor-widget-image\" data-id=\"5d61fca\" data-element_type=\"widget\" data-e-type=\"widget\" data-widget_type=\"image.default\">\n\t\t\t\t<div class=\"elementor-widget-container\">\n\t\t\t\t\t\t\t\t\t\t\t\t\t\t\t<img loading=\"lazy\" decoding=\"async\" width=\"150\" height=\"150\" src=\"https:\/\/i0.wp.com\/andresmanjon.es\/wp-content\/uploads\/2024\/03\/montero.jpeg?resize=150%2C150&amp;ssl=1\" class=\"attachment-thumbnail size-thumbnail wp-image-1176\" alt=\"\" \/>\t\t\t\t\t\t\t\t\t\t\t\t\t\t\t<\/div>\n\t\t\t\t<\/div>\n\t\t\t\t<div class=\"elementor-element elementor-element-1ebbc64 elementor-widget elementor-widget-heading\" data-id=\"1ebbc64\" data-element_type=\"widget\" data-e-type=\"widget\" data-widget_type=\"heading.default\">\n\t\t\t\t<div class=\"elementor-widget-container\">\n\t\t\t\t\t<h2 class=\"elementor-heading-title elementor-size-default\">D. JOS\u00c9 MONTERO VIVES<\/h2>\t\t\t\t<\/div>\n\t\t\t\t<\/div>\n\t\t\t\t<\/div>\n\t\t<div class=\"elementor-element elementor-element-1e23cfd e-con-full e-flex e-con e-child\" data-id=\"1e23cfd\" data-element_type=\"container\" data-e-type=\"container\">\n\t\t\t\t<div class=\"elementor-element elementor-element-2b1410c elementor-widget elementor-widget-image\" data-id=\"2b1410c\" data-element_type=\"widget\" data-e-type=\"widget\" data-widget_type=\"image.default\">\n\t\t\t\t<div class=\"elementor-widget-container\">\n\t\t\t\t\t\t\t\t\t\t\t\t\t\t\t<img loading=\"lazy\" decoding=\"async\" width=\"150\" height=\"150\" src=\"https:\/\/i0.wp.com\/andresmanjon.es\/wp-content\/uploads\/2024\/10\/IMG_2960-e1729163335919.jpeg?resize=150%2C150&amp;ssl=1\" class=\"attachment-thumbnail size-thumbnail wp-image-1836\" alt=\"\" \/>\t\t\t\t\t\t\t\t\t\t\t\t\t\t\t<\/div>\n\t\t\t\t<\/div>\n\t\t\t\t<div class=\"elementor-element elementor-element-a692e88 elementor-widget elementor-widget-heading\" data-id=\"a692e88\" data-element_type=\"widget\" data-e-type=\"widget\" data-widget_type=\"heading.default\">\n\t\t\t\t<div class=\"elementor-widget-container\">\n\t\t\t\t\t<h2 class=\"elementor-heading-title elementor-size-default\">DON ANDR\u00c9S L\u00d3PEZ OSUNA<\/h2>\t\t\t\t<\/div>\n\t\t\t\t<\/div>\n\t\t\t\t<\/div>\n\t\t\t\t\t<\/div>\n\t\t\t\t<\/div>\n\t\t\t\t<\/div>\n\t\t","protected":false},"excerpt":{"rendered":"<p>D. JOS\u00c9 JIM\u00c9NEZ FAJARDO BEATO DON DIEGO VENTAJA MIL\u00c1N D. PEDRO MAJ\u00d3N LASTRA DON JORGE GUILLEN GARC\u00cdA D. JOS\u00c9 MONTERO VIVES DON ANDR\u00c9S L\u00d3PEZ OSUNA<\/p>\n","protected":false},"author":2,"featured_media":0,"parent":0,"menu_order":0,"comment_status":"closed","ping_status":"closed","template":"","meta":{"jetpack_post_was_ever_published":false,"footnotes":""},"class_list":["post-937","page","type-page","status-publish","hentry"],"yoast_head":"<!-- This site is optimized with the Yoast SEO plugin v27.3 - https:\/\/yoast.com\/product\/yoast-seo-wordpress\/ -->\n<title>\u00c1RBOL GENEAL\u00d3GICO AVEMARIANO - MANJON VIVE<\/title>\n<meta name=\"description\" content=\"El \u00c1rbol Geneal\u00f3gico Avemariano recoge todos los personajes importantes que estuvieron a la cabeza de la instituci\u00f3n hasta la actualidad.\" \/>\n<meta name=\"robots\" content=\"index, follow, max-snippet:-1, max-image-preview:large, max-video-preview:-1\" \/>\n<link rel=\"canonical\" href=\"https:\/\/andresmanjon.es\/index.php\/arbol-genealogico-avemariano\/\" \/>\n<meta property=\"og:locale\" content=\"es_ES\" \/>\n<meta property=\"og:type\" content=\"article\" \/>\n<meta property=\"og:title\" content=\"\u00c1RBOL GENEAL\u00d3GICO AVEMARIANO - MANJON VIVE\" \/>\n<meta property=\"og:description\" content=\"El \u00c1rbol Geneal\u00f3gico Avemariano recoge todos los personajes importantes que estuvieron a la cabeza de la instituci\u00f3n hasta la actualidad.\" \/>\n<meta property=\"og:url\" content=\"https:\/\/andresmanjon.es\/index.php\/arbol-genealogico-avemariano\/\" \/>\n<meta property=\"og:site_name\" content=\"MANJON VIVE\" \/>\n<meta property=\"article:modified_time\" content=\"2024-10-17T11:15:48+00:00\" \/>\n<meta property=\"og:image\" content=\"https:\/\/andresmanjon.es\/wp-content\/uploads\/2024\/02\/jimenzfajardo-e1707736881481-150x150.jpg\" \/>\n<meta name=\"twitter:card\" content=\"summary_large_image\" \/>\n<meta name=\"twitter:label1\" content=\"Tiempo de lectura\" \/>\n\t<meta name=\"twitter:data1\" content=\"2 minutos\" \/>\n<script type=\"application\/ld+json\" class=\"yoast-schema-graph\">{\"@context\":\"https:\\\/\\\/schema.org\",\"@graph\":[{\"@type\":\"WebPage\",\"@id\":\"https:\\\/\\\/andresmanjon.es\\\/index.php\\\/arbol-genealogico-avemariano\\\/\",\"url\":\"https:\\\/\\\/andresmanjon.es\\\/index.php\\\/arbol-genealogico-avemariano\\\/\",\"name\":\"\u00c1RBOL GENEAL\u00d3GICO AVEMARIANO - MANJON VIVE\",\"isPartOf\":{\"@id\":\"https:\\\/\\\/andresmanjon.es\\\/#website\"},\"primaryImageOfPage\":{\"@id\":\"https:\\\/\\\/andresmanjon.es\\\/index.php\\\/arbol-genealogico-avemariano\\\/#primaryimage\"},\"image\":{\"@id\":\"https:\\\/\\\/andresmanjon.es\\\/index.php\\\/arbol-genealogico-avemariano\\\/#primaryimage\"},\"thumbnailUrl\":\"https:\\\/\\\/andresmanjon.es\\\/wp-content\\\/uploads\\\/2024\\\/02\\\/jimenzfajardo-e1707736881481-150x150.jpg\",\"datePublished\":\"2024-02-07T18:59:42+00:00\",\"dateModified\":\"2024-10-17T11:15:48+00:00\",\"description\":\"El \u00c1rbol Geneal\u00f3gico Avemariano recoge todos los personajes importantes que estuvieron a la cabeza de la instituci\u00f3n hasta la actualidad.\",\"breadcrumb\":{\"@id\":\"https:\\\/\\\/andresmanjon.es\\\/index.php\\\/arbol-genealogico-avemariano\\\/#breadcrumb\"},\"inLanguage\":\"es\",\"potentialAction\":[{\"@type\":\"ReadAction\",\"target\":[\"https:\\\/\\\/andresmanjon.es\\\/index.php\\\/arbol-genealogico-avemariano\\\/\"]}]},{\"@type\":\"ImageObject\",\"inLanguage\":\"es\",\"@id\":\"https:\\\/\\\/andresmanjon.es\\\/index.php\\\/arbol-genealogico-avemariano\\\/#primaryimage\",\"url\":\"https:\\\/\\\/i0.wp.com\\\/andresmanjon.es\\\/wp-content\\\/uploads\\\/2024\\\/02\\\/jimenzfajardo-e1707736881481.jpg?fit=1112%2C1078&ssl=1\",\"contentUrl\":\"https:\\\/\\\/i0.wp.com\\\/andresmanjon.es\\\/wp-content\\\/uploads\\\/2024\\\/02\\\/jimenzfajardo-e1707736881481.jpg?fit=1112%2C1078&ssl=1\",\"width\":1112,\"height\":1078},{\"@type\":\"BreadcrumbList\",\"@id\":\"https:\\\/\\\/andresmanjon.es\\\/index.php\\\/arbol-genealogico-avemariano\\\/#breadcrumb\",\"itemListElement\":[{\"@type\":\"ListItem\",\"position\":1,\"name\":\"Portada\",\"item\":\"https:\\\/\\\/andresmanjon.es\\\/\"},{\"@type\":\"ListItem\",\"position\":2,\"name\":\"\u00c1RBOL GENEAL\u00d3GICO AVEMARIANO\"}]},{\"@type\":\"WebSite\",\"@id\":\"https:\\\/\\\/andresmanjon.es\\\/#website\",\"url\":\"https:\\\/\\\/andresmanjon.es\\\/\",\"name\":\"Andr\u00e9s Manj\u00f3n y Manj\u00f3n\",\"description\":\"UNA EDUCACI\u00d3N PARA TODOS\",\"publisher\":{\"@id\":\"https:\\\/\\\/andresmanjon.es\\\/#\\\/schema\\\/person\\\/c3aa9658a78defc49109499b1f40dc3a\"},\"potentialAction\":[{\"@type\":\"SearchAction\",\"target\":{\"@type\":\"EntryPoint\",\"urlTemplate\":\"https:\\\/\\\/andresmanjon.es\\\/?s={search_term_string}\"},\"query-input\":{\"@type\":\"PropertyValueSpecification\",\"valueRequired\":true,\"valueName\":\"search_term_string\"}}],\"inLanguage\":\"es\"},{\"@type\":[\"Person\",\"Organization\"],\"@id\":\"https:\\\/\\\/andresmanjon.es\\\/#\\\/schema\\\/person\\\/c3aa9658a78defc49109499b1f40dc3a\",\"name\":\"Enrique Alonso Guardia\",\"image\":{\"@type\":\"ImageObject\",\"inLanguage\":\"es\",\"@id\":\"https:\\\/\\\/i0.wp.com\\\/andresmanjon.es\\\/wp-content\\\/uploads\\\/2023\\\/12\\\/cropped-logo-1.png?fit=1660%2C548&ssl=1\",\"url\":\"https:\\\/\\\/i0.wp.com\\\/andresmanjon.es\\\/wp-content\\\/uploads\\\/2023\\\/12\\\/cropped-logo-1.png?fit=1660%2C548&ssl=1\",\"contentUrl\":\"https:\\\/\\\/i0.wp.com\\\/andresmanjon.es\\\/wp-content\\\/uploads\\\/2023\\\/12\\\/cropped-logo-1.png?fit=1660%2C548&ssl=1\",\"width\":1660,\"height\":548,\"caption\":\"Enrique Alonso Guardia\"},\"logo\":{\"@id\":\"https:\\\/\\\/i0.wp.com\\\/andresmanjon.es\\\/wp-content\\\/uploads\\\/2023\\\/12\\\/cropped-logo-1.png?fit=1660%2C548&ssl=1\"},\"sameAs\":[\"http:\\\/\\\/www.kalonso.com\"]}]}<\/script>\n<!-- \/ Yoast SEO plugin. -->","yoast_head_json":{"title":"\u00c1RBOL GENEAL\u00d3GICO AVEMARIANO - MANJON VIVE","description":"El \u00c1rbol Geneal\u00f3gico Avemariano recoge todos los personajes importantes que estuvieron a la cabeza de la instituci\u00f3n hasta la actualidad.","robots":{"index":"index","follow":"follow","max-snippet":"max-snippet:-1","max-image-preview":"max-image-preview:large","max-video-preview":"max-video-preview:-1"},"canonical":"https:\/\/andresmanjon.es\/index.php\/arbol-genealogico-avemariano\/","og_locale":"es_ES","og_type":"article","og_title":"\u00c1RBOL GENEAL\u00d3GICO AVEMARIANO - MANJON VIVE","og_description":"El \u00c1rbol Geneal\u00f3gico Avemariano recoge todos los personajes importantes que estuvieron a la cabeza de la instituci\u00f3n hasta la actualidad.","og_url":"https:\/\/andresmanjon.es\/index.php\/arbol-genealogico-avemariano\/","og_site_name":"MANJON VIVE","article_modified_time":"2024-10-17T11:15:48+00:00","og_image":[{"url":"https:\/\/andresmanjon.es\/wp-content\/uploads\/2024\/02\/jimenzfajardo-e1707736881481-150x150.jpg","type":"","width":"","height":""}],"twitter_card":"summary_large_image","twitter_misc":{"Tiempo de lectura":"2 minutos"},"schema":{"@context":"https:\/\/schema.org","@graph":[{"@type":"WebPage","@id":"https:\/\/andresmanjon.es\/index.php\/arbol-genealogico-avemariano\/","url":"https:\/\/andresmanjon.es\/index.php\/arbol-genealogico-avemariano\/","name":"\u00c1RBOL GENEAL\u00d3GICO AVEMARIANO - MANJON VIVE","isPartOf":{"@id":"https:\/\/andresmanjon.es\/#website"},"primaryImageOfPage":{"@id":"https:\/\/andresmanjon.es\/index.php\/arbol-genealogico-avemariano\/#primaryimage"},"image":{"@id":"https:\/\/andresmanjon.es\/index.php\/arbol-genealogico-avemariano\/#primaryimage"},"thumbnailUrl":"https:\/\/andresmanjon.es\/wp-content\/uploads\/2024\/02\/jimenzfajardo-e1707736881481-150x150.jpg","datePublished":"2024-02-07T18:59:42+00:00","dateModified":"2024-10-17T11:15:48+00:00","description":"El \u00c1rbol Geneal\u00f3gico Avemariano recoge todos los personajes importantes que estuvieron a la cabeza de la instituci\u00f3n hasta la actualidad.","breadcrumb":{"@id":"https:\/\/andresmanjon.es\/index.php\/arbol-genealogico-avemariano\/#breadcrumb"},"inLanguage":"es","potentialAction":[{"@type":"ReadAction","target":["https:\/\/andresmanjon.es\/index.php\/arbol-genealogico-avemariano\/"]}]},{"@type":"ImageObject","inLanguage":"es","@id":"https:\/\/andresmanjon.es\/index.php\/arbol-genealogico-avemariano\/#primaryimage","url":"https:\/\/i0.wp.com\/andresmanjon.es\/wp-content\/uploads\/2024\/02\/jimenzfajardo-e1707736881481.jpg?fit=1112%2C1078&ssl=1","contentUrl":"https:\/\/i0.wp.com\/andresmanjon.es\/wp-content\/uploads\/2024\/02\/jimenzfajardo-e1707736881481.jpg?fit=1112%2C1078&ssl=1","width":1112,"height":1078},{"@type":"BreadcrumbList","@id":"https:\/\/andresmanjon.es\/index.php\/arbol-genealogico-avemariano\/#breadcrumb","itemListElement":[{"@type":"ListItem","position":1,"name":"Portada","item":"https:\/\/andresmanjon.es\/"},{"@type":"ListItem","position":2,"name":"\u00c1RBOL GENEAL\u00d3GICO AVEMARIANO"}]},{"@type":"WebSite","@id":"https:\/\/andresmanjon.es\/#website","url":"https:\/\/andresmanjon.es\/","name":"Andr\u00e9s Manj\u00f3n y Manj\u00f3n","description":"UNA EDUCACI\u00d3N PARA TODOS","publisher":{"@id":"https:\/\/andresmanjon.es\/#\/schema\/person\/c3aa9658a78defc49109499b1f40dc3a"},"potentialAction":[{"@type":"SearchAction","target":{"@type":"EntryPoint","urlTemplate":"https:\/\/andresmanjon.es\/?s={search_term_string}"},"query-input":{"@type":"PropertyValueSpecification","valueRequired":true,"valueName":"search_term_string"}}],"inLanguage":"es"},{"@type":["Person","Organization"],"@id":"https:\/\/andresmanjon.es\/#\/schema\/person\/c3aa9658a78defc49109499b1f40dc3a","name":"Enrique Alonso Guardia","image":{"@type":"ImageObject","inLanguage":"es","@id":"https:\/\/i0.wp.com\/andresmanjon.es\/wp-content\/uploads\/2023\/12\/cropped-logo-1.png?fit=1660%2C548&ssl=1","url":"https:\/\/i0.wp.com\/andresmanjon.es\/wp-content\/uploads\/2023\/12\/cropped-logo-1.png?fit=1660%2C548&ssl=1","contentUrl":"https:\/\/i0.wp.com\/andresmanjon.es\/wp-content\/uploads\/2023\/12\/cropped-logo-1.png?fit=1660%2C548&ssl=1","width":1660,"height":548,"caption":"Enrique Alonso Guardia"},"logo":{"@id":"https:\/\/i0.wp.com\/andresmanjon.es\/wp-content\/uploads\/2023\/12\/cropped-logo-1.png?fit=1660%2C548&ssl=1"},"sameAs":["http:\/\/www.kalonso.com"]}]}},"jetpack-related-posts":[{"id":615,"url":"https:\/\/andresmanjon.es\/index.php\/comite-cientifico\/","url_meta":{"origin":937,"position":0},"title":"COMIT\u00c9 CIENT\u00cdFICO","author":"Enrique Alonso Guardia","date":"01\/16\/2024","format":false,"excerpt":"Para asegurar la veracidad de la informaci\u00f3n que se publica en este portal se crear\u00e1 un equipo de expertos\/as en el Pensamiento Avemariano de D. Andr\u00e9s Manj\u00f3n. Cada publicaci\u00f3n ser\u00e1 baremada por los miembros del equipo que devolver\u00e1n al autor o autora el resultado de su evaluaci\u00f3n con las correspondientes\u2026","rel":"","context":"Entrada similar","block_context":{"text":"Entrada similar","link":""},"img":{"alt_text":"","src":"","width":0,"height":0},"classes":[]},{"id":314,"url":"https:\/\/andresmanjon.es\/index.php\/seminario-de-maestros\/","url_meta":{"origin":937,"position":1},"title":"Seminario de Maestros","author":"Enrique Alonso Guardia","date":"12\/29\/2023","format":false,"excerpt":"Quien no sepa amar no sabe educar, ni a s\u00ed mismo ni a los dem\u00e1s. El gran medio de la educaci\u00f3n, es la bondad, es el amor (...) el m\u00e1s desdichado de los hombres es el que menos ama; el m\u00e1s desdichado de los educadores es el que seca la\u2026","rel":"","context":"Entrada similar","block_context":{"text":"Entrada similar","link":""},"img":{"alt_text":"","src":"https:\/\/i0.wp.com\/andresmanjon.es\/wp-content\/uploads\/2023\/12\/seminariodemaestros1-300x180.jpg?resize=350%2C200&ssl=1","width":350,"height":200},"classes":[]},{"id":138,"url":"https:\/\/andresmanjon.es\/index.php\/enrique-alonso-guardia\/","url_meta":{"origin":937,"position":2},"title":"Enrique Alonso Guardia","author":"Enrique Alonso Guardia","date":"12\/26\/2023","format":false,"excerpt":"Soy Enrique Alonso Guardia. Maestro de Ed. Infantil en las escuelas del Ave Mar\u00eda desde 1992. Estoy encantado de que visites esta web homenaje al Padre Manj\u00f3n. Me gustar\u00eda transmitirte todo lo que me ha dado. Si est\u00e1s en esta p\u00e1gina es porque tienes curiosidad de saber quien soy. Gracias\u2026","rel":"","context":"Entrada similar","block_context":{"text":"Entrada similar","link":""},"img":{"alt_text":"","src":"https:\/\/i0.wp.com\/andresmanjon.es\/wp-content\/uploads\/2023\/12\/D3B1EDB5-AC95-4F54-B0D7-DE94C3451C69_4_5005_c.jpeg?fit=359%2C498&ssl=1&resize=350%2C200","width":350,"height":200},"classes":[]},{"id":101,"url":"https:\/\/andresmanjon.es\/index.php\/centenario-de-la-muerte-de-don-andres-manjon\/","url_meta":{"origin":937,"position":3},"title":"CENTENARIO DE LA MUERTE DE DON ANDR\u00c9S MANJ\u00d3N","author":"Enrique Alonso Guardia","date":"12\/25\/2023","format":false,"excerpt":"CENTENARIO DE DON ANDRES MANJ\u00d3N (1923-2023) PROGRAMA DE ACTOS\u00b7NOVIEMBRE 2022-NOVIEMBRE 2023 Este a\u00f1o se celebra el Centenario de la muerte de Don Andr\u00e9s Manj\u00f3n, sacerdote y pedagogo espa\u00f1ol al que recordamos por ser el fundador de las Escuelas del Ave Mar\u00eda, dedicadas a proporcionar una instrucci\u00f3n elemental a los ni\u00f1os\u2026","rel":"","context":"Entrada similar","block_context":{"text":"Entrada similar","link":""},"img":{"alt_text":"","src":"https:\/\/i0.wp.com\/andresmanjon.es\/wp-content\/uploads\/2024\/01\/INVITACION-APERTURA-CENTENARIO-1024x460.jpg?resize=350%2C200&ssl=1","width":350,"height":200,"srcset":"https:\/\/i0.wp.com\/andresmanjon.es\/wp-content\/uploads\/2024\/01\/INVITACION-APERTURA-CENTENARIO-1024x460.jpg?resize=350%2C200&ssl=1 1x, https:\/\/i0.wp.com\/andresmanjon.es\/wp-content\/uploads\/2024\/01\/INVITACION-APERTURA-CENTENARIO-1024x460.jpg?resize=525%2C300&ssl=1 1.5x, https:\/\/i0.wp.com\/andresmanjon.es\/wp-content\/uploads\/2024\/01\/INVITACION-APERTURA-CENTENARIO-1024x460.jpg?resize=700%2C400&ssl=1 2x"},"classes":[]},{"id":1054,"url":"https:\/\/andresmanjon.es\/index.php\/escuelas-manjonianas-por-espana\/","url_meta":{"origin":937,"position":4},"title":"ESCUELAS MANJONIANAS POR ESPA\u00d1A","author":"Enrique Alonso Guardia","date":"02\/13\/2024","format":false,"excerpt":"ESCUELAS MANJONIANAS EN GRANADAFundaci\u00f3n Ave Mar\u00eda GranadaWebs Corporativa -\u00a0 Albolote - Amanecer - Casa Madre - Esparraguera - La Quinta - San Crist\u00f3bal - San Isidro - Varadero - Vistillas.Carrera Andr\u00e9s Manj\u00f3nAsociaci\u00f3n Juvenil AvemarianaCasa Museo - proximamenteArchivo documentaci\u00f3n\u00a0de la Fundaci\u00f3nAndr\u00e9s Manj\u00f3n beatoColegio Padre Manj\u00f3n GranadaObra Social Padre Manj\u00f3n\u00a0FUNDACI\u00d3N MANJ\u00d3N PALENCIA\u2026","rel":"","context":"Entrada similar","block_context":{"text":"Entrada similar","link":""},"img":{"alt_text":"","src":"","width":0,"height":0},"classes":[]},{"id":406,"url":"https:\/\/andresmanjon.es\/index.php\/biblioteca-digital\/","url_meta":{"origin":937,"position":5},"title":"BIBLIOTECA DIGITAL","author":"Enrique Alonso Guardia","date":"01\/02\/2024","format":false,"excerpt":"En este apartado de biblioteca digital iremos subiendo los documentos encontrados en internet que pertenecen a ediciones p\u00fablicas de los escritos de D. Andr\u00e9s Manj\u00f3n. Este apartado est\u00e1 en constante construcci\u00f3n. Si encuentra documentaci\u00f3n publicada rogamos nos la env\u00ede a info@andresmanjon.es.*AVISO: Si cree que estos documentos o enlaces van en\u2026","rel":"","context":"Entrada similar","block_context":{"text":"Entrada similar","link":""},"img":{"alt_text":"","src":"https:\/\/i0.wp.com\/andresmanjon.es\/wp-content\/uploads\/2024\/01\/biblioteca_2.webp?fit=1200%2C838&ssl=1&resize=350%2C200","width":350,"height":200,"srcset":"https:\/\/i0.wp.com\/andresmanjon.es\/wp-content\/uploads\/2024\/01\/biblioteca_2.webp?fit=1200%2C838&ssl=1&resize=350%2C200 1x, https:\/\/i0.wp.com\/andresmanjon.es\/wp-content\/uploads\/2024\/01\/biblioteca_2.webp?fit=1200%2C838&ssl=1&resize=525%2C300 1.5x, https:\/\/i0.wp.com\/andresmanjon.es\/wp-content\/uploads\/2024\/01\/biblioteca_2.webp?fit=1200%2C838&ssl=1&resize=700%2C400 2x, https:\/\/i0.wp.com\/andresmanjon.es\/wp-content\/uploads\/2024\/01\/biblioteca_2.webp?fit=1200%2C838&ssl=1&resize=1050%2C600 3x"},"classes":[]}],"jetpack_sharing_enabled":true,"_links":{"self":[{"href":"https:\/\/andresmanjon.es\/index.php\/wp-json\/wp\/v2\/pages\/937","targetHints":{"allow":["GET"]}}],"collection":[{"href":"https:\/\/andresmanjon.es\/index.php\/wp-json\/wp\/v2\/pages"}],"about":[{"href":"https:\/\/andresmanjon.es\/index.php\/wp-json\/wp\/v2\/types\/page"}],"author":[{"embeddable":true,"href":"https:\/\/andresmanjon.es\/index.php\/wp-json\/wp\/v2\/users\/2"}],"replies":[{"embeddable":true,"href":"https:\/\/andresmanjon.es\/index.php\/wp-json\/wp\/v2\/comments?post=937"}],"version-history":[{"count":20,"href":"https:\/\/andresmanjon.es\/index.php\/wp-json\/wp\/v2\/pages\/937\/revisions"}],"predecessor-version":[{"id":1855,"href":"https:\/\/andresmanjon.es\/index.php\/wp-json\/wp\/v2\/pages\/937\/revisions\/1855"}],"wp:attachment":[{"href":"https:\/\/andresmanjon.es\/index.php\/wp-json\/wp\/v2\/media?parent=937"}],"curies":[{"name":"wp","href":"https:\/\/api.w.org\/{rel}","templated":true}]}}