{"id":916,"date":"2024-02-06T23:38:32","date_gmt":"2024-02-06T23:38:32","guid":{"rendered":"https:\/\/andresmanjon.es\/?page_id=916"},"modified":"2024-02-06T23:38:32","modified_gmt":"2024-02-06T23:38:32","slug":"bibliografia-utilizada","status":"publish","type":"page","link":"https:\/\/andresmanjon.es\/index.php\/bibliografia-utilizada\/","title":{"rendered":"Bibliograf\u00eda utilizada"},"content":{"rendered":"<p><strong><img data-recalc-dims=\"1\" decoding=\"async\" class=\"alignright size-full wp-image-917\" src=\"https:\/\/i0.wp.com\/andresmanjon.es\/wp-content\/uploads\/2024\/02\/listos-para-volar-157x300-1.jpg?resize=157%2C300&#038;ssl=1\" alt=\"\" width=\"157\" height=\"300\" \/>BIBLIOGRAF\u00cdA:<\/strong><strong>\u00a0<\/strong><\/p>\n<ol>\n<li>Schiller, F. (1793). Wallenstein. Buenos Aires: Instituci\u00f3n Cultural Argentino.<\/li>\n<li>Spencer, H. (1855). Principles of Psychology. Londres: Longman, Brown, Green and Longmans.<\/li>\n<li>Lazarus, M. (1883). \u00dcber die Reize des Spiels. Berlin: F. D\u00fcmmler.<\/li>\n<li>Groos, K. (1899). Die Spiele der Menschen. Jena, Alemania: G. Fischer.<\/li>\n<li>Hall, G. S. (1904). Adolescence: Its Psychology and Its Relations to Physiology, Anthropology, Sociology, Sex, Crime, Religion, and Education (Vols. 1-2). New York: D. Appleton and Company.<\/li>\n<li>Manj\u00f3n, A. (1892). Memoria de las Escuelas del Camino del Sacromonte, 1889-1892. Imprenta Jos\u00e9 L\u00f3pez Guevara.<\/li>\n<li>Manj\u00f3n, A. (1897). Discurso le\u00eddo en la solemne apertura de curso acad\u00e9mico 1897-98 en la Universidad Literaria de Granada. Imprenta Indalecio Ventura.<\/li>\n<li>Manj\u00f3n, A. (1906). El Pensamiento del Ave-Mar\u00eda. 6.\u00aa parte. Hojas coeducadoras. Granada.<\/li>\n<li>Prellezo Garc\u00eda, J. M. (1973). Diario del Padre Manj\u00f3n (1895-1905). Biblioteca de Autores Cristianos.<\/li>\n<li>Ib\u00e1\u00f1ez, E. (1970). Don Andr\u00e9s Manj\u00f3n y su sistema pedag\u00f3gico. CEPPAM.<\/li>\n<li>Huizinga, J. (1938). Homo ludens: A study of the play-element in culture. Reino Unido: Routledge &amp; Kegan Paul.<\/li>\n<li>Vygotsky, L. S. (1933). Play and its role in the mental development of the child. Instituto Pedag\u00f3gico Herzen. Leningrado.<\/li>\n<li>Piaget, J. (1923). Le Langage et la pens\u00e9e chez l&#8217;enfant. Neuch\u00e2tel, Suiza: Delachaux et Niestl\u00e9.<\/li>\n<li>Piaget, J. (1924). Le Jugement et le raisonnement chez l&#8217;enfant. Neuch\u00e2tel, Suiza: Delachaux et Niestl\u00e9.<\/li>\n<li>Erikson, E. H. (1982). Juego y desarrollo. Barcelona: Editorial Cr\u00edtica.<\/li>\n<li>Crespo L\u00f3pez, P. A. (1983). Actualizaci\u00f3n de las t\u00e9cnicas did\u00e1cticas manjonianas: Proyecto te\u00f3rico-pr\u00e1ctico. Asociaci\u00f3n Manjoniana.<\/li>\n<li>Manj\u00f3n, A. (1916). El Pensamiento del Ave-Mar\u00eda: Colonias escolares permanentes establecidas en los C\u00e1rmenes de Granada y difundidas por toda Espa\u00f1a. Imprenta de las Escuelas del Ave-Mar\u00eda.<\/li>\n<li>Manj\u00f3n, A. (1921). El gitano et Ultra. Hojas de educaci\u00f3n social et ultra del Ave-Mar\u00eda. Imprenta Ave-Mar\u00eda.<\/li>\n<li>Manj\u00f3n, A. (1923). El maestro mirando hacia dentro o de dentro fuera. Tipograf\u00eda de la Revista de Archivos, Bibliotecas y Museos.<\/li>\n<li>Barrio, \u00d3. S. (1989). Un error hist\u00f3rico \u00abManj\u00f3n educador de gitanos\u00bb. En Varios, Cuadernos de pensamiento, N\u00ba. 3 (p\u00e1gs. 55-70). Espa\u00f1a: Fundaci\u00f3n Universitaria Espa\u00f1ola.<\/li>\n<li>Garc\u00eda Hoz, V. (1989). El fundador de las Escuelas del Ave-Mar\u00eda. Cuadernos de Pensamiento, 3, 9-19.<\/li>\n<li>Cidad P\u00e9rez, J. (1990). Algunos valores m\u00e1s actuales de la pedagog\u00eda manjoniana. Magisterio Avemariano.<\/li>\n<li>Gervilla, E. (1990b). El valor del esfuerzo en la formaci\u00f3n del car\u00e1cter seg\u00fan Andr\u00e9s Manj\u00f3n. Magisterio Avemariano.<\/li>\n<li>Iniesta, A. (1988). Un pedagogo de nuestros tiempos. Magisterio Avemariano.<\/li>\n<li>Piaget, J. (1948). La Naissance de l&#8217;intelligence chez l&#8217;enfant. Neuch\u00e2tel, Suiza: Delachaux et Niestl\u00e9.<\/li>\n<li>Manj\u00f3n, A. (1945). El maestro ideal. Imprenta Escuela del Ave-Mar\u00eda.<\/li>\n<li>Manj\u00f3n, A. (1945). El maestro mirando hacia dentro. Imprenta Talleres Penintenciarios.<\/li>\n<li>Manj\u00f3n, A. (1946). El catecismo como asignatura c\u00e9ntrica. Imprenta Talleres Penitenciarios.<\/li>\n<li>Manj\u00f3n, A. (1947). Tratado de la Educaci\u00f3n. Imprenta Talleres Penitenciarios.<\/li>\n<li>Manj\u00f3n, A. (1948). El pensamiento del Ave-Mar\u00eda. Modos de ense\u00f1ar. Imprenta Talleres Penitenciarios.<\/li>\n<li>Prellezo, J. M. (1975). Manj\u00f3n educador. Magisterio Espa\u00f1ol.<\/li>\n<li>Hersch, J. (1993). El gran asombro. La curiosidad como est\u00edmulo en la Historia de la filosof\u00eda. Barcelona.<\/li>\n<li>Manj\u00f3n, J. (1997). Valores y educaci\u00f3n. Revista de Humanidades, 8, 187-302.<\/li>\n<li>Montero Vives, J. (1999). Andr\u00e9s Manj\u00f3n Biograf\u00edas granadinas. Granada: Comares.<\/li>\n<li>Moreno Fern\u00e1ndez, C. M. (2008). Educaci\u00f3n e integraci\u00f3n social: El Patrimonio Educativo de las Escuelas del Ave Mar\u00eda del Sacromonte de Granada. Proyecto fin de M\u00e1ster.<\/li>\n<li>Palma, A. y Medina, J. (2009). Andr\u00e9s Manj\u00f3n. Escritos socio-pedag\u00f3gicos. Biblioteca Nueva.<\/li>\n<li>Moreno Fern\u00e1ndez, C. M. (2009). Una escuela de C\u00e1rmenes: El patrimonio arquitect\u00f3nico de las Escuelas del Ave Mar\u00eda de Granada. Cab\u00e1s: Revista del Centro de Recursos, Interpretaci\u00f3n y Estudios en materia educativa (CRIEME) de la Consejer\u00eda de Educaci\u00f3n del Gobierno de Cantabria (Espa\u00f1a).<\/li>\n<li>Medina Oca\u00f1a, J. (2006). Manj\u00f3n, Andr\u00e9s (929 Manj\u00f3n, Andr\u00e9s). En Fundaci\u00f3n Emmanuel Mounier (Ed.), Biograf\u00edas. Colecci\u00f3n Sinergia.<\/li>\n<li>Palma Valenzuela, A. (2005). Avemarianos: Identidad y Memoria. Imprenta de las Escuelas del Ave-Mar\u00eda.<\/li>\n<li>Palma Valenzuela, A. (2007). Literatura manjoniana. En M. Guzm\u00e1n (Coord.), Humanidades y Ciencias: Aspectos disciplinares y Did\u00e1cticos (pp. 279-296). Atrio.<\/li>\n<li>Palma Valenzuela, A. (2007). Vistillas, cien a\u00f1os acogiendo y educando: 1907-2007. Escuelas del Ave Mar\u00eda.<\/li>\n<li>Palma Valenzuela, A. (2008). El Seminario de maestros del Ave Mar\u00eda. Universidad de Granada.<\/li>\n<li>Palma Valenzuela, A. (2016). Francisco Giner de los R\u00edos y Andr\u00e9s Manj\u00f3n: Textos y contextos. Editorial Acad\u00e9mica Espa\u00f1ola.<\/li>\n<li>Mora, F. (2013). Neuroeducaci\u00f3n: Solo se puede aprender aquello que se ama. Madrid: Alianza Editorial.<\/li>\n<li>L&#8217;Ecuyer, C. (2013). Educar en el asombro. Madrid: Plataforma Editorial.<\/li>\n<li>Marczewski, A. (2013). Gamification: A Simple Introduction. En Marczewski, A. (ed.) (2015). Even ninja monkeys like to play: gamification, game thinking and motivational design. CA: CreateSpace Independent Publishing Platform.<\/li>\n<li>Stott, A., y Neustaedter, C. (2013). Analysis of gamification in education. Simon Fraser University (Unpublished material).<\/li>\n<li>\u00c1lvarez Rodr\u00edguez, J. (2001). Modelo axiol\u00f3gico de educaci\u00f3n integral en Andr\u00e9s Manj\u00f3n. Granada.<\/li>\n<li><a href=\"https:\/\/editorial.ugr.es\/libro\/bibliografia-sobre-andres-manjon-y-manjon-y-su-obra-1869-2022_139403\/\">Palma Valenzuela, A. (2023). Bibliograf\u00eda sobre Andr\u00e9s Manj\u00f3n (1869-2022). Granada: EUG.<\/a><\/li>\n<\/ol>\n<h2>ENLACES INTERESANTES<\/h2>\n<ul>\n<li><a href=\"https:\/\/andresmanjon.es\/index.php\/biblioteca-digital\/\">VISITE NUESTRA BIBLIOTECA DIGITAL<\/a><\/li>\n<li><\/li>\n<\/ul>\n","protected":false},"excerpt":{"rendered":"<p>BIBLIOGRAF\u00cdA:\u00a0 Schiller, F. (1793). Wallenstein. Buenos Aires: Instituci\u00f3n Cultural Argentino. Spencer, H. (1855). Principles of Psychology. Londres: Longman, Brown, Green and Longmans. Lazarus, M. (1883). \u00dcber die Reize des Spiels. Berlin: F. D\u00fcmmler. Groos, K. (1899). Die Spiele der Menschen. Jena, Alemania: G. Fischer. Hall, G. S. (1904). Adolescence: Its Psychology and Its Relations to [&hellip;]<\/p>\n","protected":false},"author":2,"featured_media":0,"parent":0,"menu_order":0,"comment_status":"closed","ping_status":"closed","template":"","meta":{"jetpack_post_was_ever_published":false,"footnotes":""},"class_list":["post-916","page","type-page","status-publish","hentry"],"yoast_head":"<!-- This site is optimized with the Yoast SEO plugin v27.5 - https:\/\/yoast.com\/product\/yoast-seo-wordpress\/ -->\n<title>Bibliograf\u00eda utilizada - MANJON VIVE<\/title>\n<meta name=\"description\" content=\"Bibliograf\u00eda utilizada en la fundamentaci\u00f3n de la web andresmanjon.es. Nuestra web est\u00e1 refrendada por un comit\u00e9 cient\u00edfico entorno a D Andr\u00e9s\" \/>\n<meta name=\"robots\" content=\"index, follow, max-snippet:-1, max-image-preview:large, max-video-preview:-1\" \/>\n<link rel=\"canonical\" href=\"https:\/\/andresmanjon.es\/index.php\/bibliografia-utilizada\/\" \/>\n<meta property=\"og:locale\" content=\"es_ES\" \/>\n<meta property=\"og:type\" content=\"article\" \/>\n<meta property=\"og:title\" content=\"Bibliograf\u00eda utilizada - MANJON VIVE\" \/>\n<meta property=\"og:description\" content=\"Bibliograf\u00eda utilizada en la fundamentaci\u00f3n de la web andresmanjon.es. Nuestra web est\u00e1 refrendada por un comit\u00e9 cient\u00edfico entorno a D Andr\u00e9s\" \/>\n<meta property=\"og:url\" content=\"https:\/\/andresmanjon.es\/index.php\/bibliografia-utilizada\/\" \/>\n<meta property=\"og:site_name\" content=\"MANJON VIVE\" \/>\n<meta property=\"og:image\" content=\"https:\/\/andresmanjon.es\/wp-content\/uploads\/2024\/02\/listos-para-volar-157x300-1.jpg\" \/>\n<meta name=\"twitter:card\" content=\"summary_large_image\" \/>\n<meta name=\"twitter:label1\" content=\"Tiempo de lectura\" \/>\n\t<meta name=\"twitter:data1\" content=\"4 minutos\" \/>\n<script type=\"application\/ld+json\" class=\"yoast-schema-graph\">{\"@context\":\"https:\\\/\\\/schema.org\",\"@graph\":[{\"@type\":\"WebPage\",\"@id\":\"https:\\\/\\\/andresmanjon.es\\\/index.php\\\/bibliografia-utilizada\\\/\",\"url\":\"https:\\\/\\\/andresmanjon.es\\\/index.php\\\/bibliografia-utilizada\\\/\",\"name\":\"Bibliograf\u00eda utilizada - MANJON VIVE\",\"isPartOf\":{\"@id\":\"https:\\\/\\\/andresmanjon.es\\\/#website\"},\"primaryImageOfPage\":{\"@id\":\"https:\\\/\\\/andresmanjon.es\\\/index.php\\\/bibliografia-utilizada\\\/#primaryimage\"},\"image\":{\"@id\":\"https:\\\/\\\/andresmanjon.es\\\/index.php\\\/bibliografia-utilizada\\\/#primaryimage\"},\"thumbnailUrl\":\"https:\\\/\\\/andresmanjon.es\\\/wp-content\\\/uploads\\\/2024\\\/02\\\/listos-para-volar-157x300-1.jpg\",\"datePublished\":\"2024-02-06T23:38:32+00:00\",\"description\":\"Bibliograf\u00eda utilizada en la fundamentaci\u00f3n de la web andresmanjon.es. Nuestra web est\u00e1 refrendada por un comit\u00e9 cient\u00edfico entorno a D Andr\u00e9s\",\"breadcrumb\":{\"@id\":\"https:\\\/\\\/andresmanjon.es\\\/index.php\\\/bibliografia-utilizada\\\/#breadcrumb\"},\"inLanguage\":\"es\",\"potentialAction\":[{\"@type\":\"ReadAction\",\"target\":[\"https:\\\/\\\/andresmanjon.es\\\/index.php\\\/bibliografia-utilizada\\\/\"]}]},{\"@type\":\"ImageObject\",\"inLanguage\":\"es\",\"@id\":\"https:\\\/\\\/andresmanjon.es\\\/index.php\\\/bibliografia-utilizada\\\/#primaryimage\",\"url\":\"https:\\\/\\\/i0.wp.com\\\/andresmanjon.es\\\/wp-content\\\/uploads\\\/2024\\\/02\\\/listos-para-volar-157x300-1.jpg?fit=157%2C300&ssl=1\",\"contentUrl\":\"https:\\\/\\\/i0.wp.com\\\/andresmanjon.es\\\/wp-content\\\/uploads\\\/2024\\\/02\\\/listos-para-volar-157x300-1.jpg?fit=157%2C300&ssl=1\",\"width\":157,\"height\":300},{\"@type\":\"BreadcrumbList\",\"@id\":\"https:\\\/\\\/andresmanjon.es\\\/index.php\\\/bibliografia-utilizada\\\/#breadcrumb\",\"itemListElement\":[{\"@type\":\"ListItem\",\"position\":1,\"name\":\"Portada\",\"item\":\"https:\\\/\\\/andresmanjon.es\\\/\"},{\"@type\":\"ListItem\",\"position\":2,\"name\":\"Bibliograf\u00eda utilizada\"}]},{\"@type\":\"WebSite\",\"@id\":\"https:\\\/\\\/andresmanjon.es\\\/#website\",\"url\":\"https:\\\/\\\/andresmanjon.es\\\/\",\"name\":\"Andr\u00e9s Manj\u00f3n y Manj\u00f3n\",\"description\":\"UNA EDUCACI\u00d3N PARA TODOS\",\"publisher\":{\"@id\":\"https:\\\/\\\/andresmanjon.es\\\/#\\\/schema\\\/person\\\/c3aa9658a78defc49109499b1f40dc3a\"},\"potentialAction\":[{\"@type\":\"SearchAction\",\"target\":{\"@type\":\"EntryPoint\",\"urlTemplate\":\"https:\\\/\\\/andresmanjon.es\\\/?s={search_term_string}\"},\"query-input\":{\"@type\":\"PropertyValueSpecification\",\"valueRequired\":true,\"valueName\":\"search_term_string\"}}],\"inLanguage\":\"es\"},{\"@type\":[\"Person\",\"Organization\"],\"@id\":\"https:\\\/\\\/andresmanjon.es\\\/#\\\/schema\\\/person\\\/c3aa9658a78defc49109499b1f40dc3a\",\"name\":\"Enrique Alonso Guardia\",\"image\":{\"@type\":\"ImageObject\",\"inLanguage\":\"es\",\"@id\":\"https:\\\/\\\/i0.wp.com\\\/andresmanjon.es\\\/wp-content\\\/uploads\\\/2023\\\/12\\\/cropped-logo-1.png?fit=1660%2C548&ssl=1\",\"url\":\"https:\\\/\\\/i0.wp.com\\\/andresmanjon.es\\\/wp-content\\\/uploads\\\/2023\\\/12\\\/cropped-logo-1.png?fit=1660%2C548&ssl=1\",\"contentUrl\":\"https:\\\/\\\/i0.wp.com\\\/andresmanjon.es\\\/wp-content\\\/uploads\\\/2023\\\/12\\\/cropped-logo-1.png?fit=1660%2C548&ssl=1\",\"width\":1660,\"height\":548,\"caption\":\"Enrique Alonso Guardia\"},\"logo\":{\"@id\":\"https:\\\/\\\/i0.wp.com\\\/andresmanjon.es\\\/wp-content\\\/uploads\\\/2023\\\/12\\\/cropped-logo-1.png?fit=1660%2C548&ssl=1\"},\"sameAs\":[\"http:\\\/\\\/www.kalonso.com\"]}]}<\/script>\n<!-- \/ Yoast SEO plugin. -->","yoast_head_json":{"title":"Bibliograf\u00eda utilizada - MANJON VIVE","description":"Bibliograf\u00eda utilizada en la fundamentaci\u00f3n de la web andresmanjon.es. Nuestra web est\u00e1 refrendada por un comit\u00e9 cient\u00edfico entorno a D Andr\u00e9s","robots":{"index":"index","follow":"follow","max-snippet":"max-snippet:-1","max-image-preview":"max-image-preview:large","max-video-preview":"max-video-preview:-1"},"canonical":"https:\/\/andresmanjon.es\/index.php\/bibliografia-utilizada\/","og_locale":"es_ES","og_type":"article","og_title":"Bibliograf\u00eda utilizada - MANJON VIVE","og_description":"Bibliograf\u00eda utilizada en la fundamentaci\u00f3n de la web andresmanjon.es. Nuestra web est\u00e1 refrendada por un comit\u00e9 cient\u00edfico entorno a D Andr\u00e9s","og_url":"https:\/\/andresmanjon.es\/index.php\/bibliografia-utilizada\/","og_site_name":"MANJON VIVE","og_image":[{"url":"https:\/\/andresmanjon.es\/wp-content\/uploads\/2024\/02\/listos-para-volar-157x300-1.jpg","type":"","width":"","height":""}],"twitter_card":"summary_large_image","twitter_misc":{"Tiempo de lectura":"4 minutos"},"schema":{"@context":"https:\/\/schema.org","@graph":[{"@type":"WebPage","@id":"https:\/\/andresmanjon.es\/index.php\/bibliografia-utilizada\/","url":"https:\/\/andresmanjon.es\/index.php\/bibliografia-utilizada\/","name":"Bibliograf\u00eda utilizada - MANJON VIVE","isPartOf":{"@id":"https:\/\/andresmanjon.es\/#website"},"primaryImageOfPage":{"@id":"https:\/\/andresmanjon.es\/index.php\/bibliografia-utilizada\/#primaryimage"},"image":{"@id":"https:\/\/andresmanjon.es\/index.php\/bibliografia-utilizada\/#primaryimage"},"thumbnailUrl":"https:\/\/andresmanjon.es\/wp-content\/uploads\/2024\/02\/listos-para-volar-157x300-1.jpg","datePublished":"2024-02-06T23:38:32+00:00","description":"Bibliograf\u00eda utilizada en la fundamentaci\u00f3n de la web andresmanjon.es. Nuestra web est\u00e1 refrendada por un comit\u00e9 cient\u00edfico entorno a D Andr\u00e9s","breadcrumb":{"@id":"https:\/\/andresmanjon.es\/index.php\/bibliografia-utilizada\/#breadcrumb"},"inLanguage":"es","potentialAction":[{"@type":"ReadAction","target":["https:\/\/andresmanjon.es\/index.php\/bibliografia-utilizada\/"]}]},{"@type":"ImageObject","inLanguage":"es","@id":"https:\/\/andresmanjon.es\/index.php\/bibliografia-utilizada\/#primaryimage","url":"https:\/\/i0.wp.com\/andresmanjon.es\/wp-content\/uploads\/2024\/02\/listos-para-volar-157x300-1.jpg?fit=157%2C300&ssl=1","contentUrl":"https:\/\/i0.wp.com\/andresmanjon.es\/wp-content\/uploads\/2024\/02\/listos-para-volar-157x300-1.jpg?fit=157%2C300&ssl=1","width":157,"height":300},{"@type":"BreadcrumbList","@id":"https:\/\/andresmanjon.es\/index.php\/bibliografia-utilizada\/#breadcrumb","itemListElement":[{"@type":"ListItem","position":1,"name":"Portada","item":"https:\/\/andresmanjon.es\/"},{"@type":"ListItem","position":2,"name":"Bibliograf\u00eda utilizada"}]},{"@type":"WebSite","@id":"https:\/\/andresmanjon.es\/#website","url":"https:\/\/andresmanjon.es\/","name":"Andr\u00e9s Manj\u00f3n y Manj\u00f3n","description":"UNA EDUCACI\u00d3N PARA TODOS","publisher":{"@id":"https:\/\/andresmanjon.es\/#\/schema\/person\/c3aa9658a78defc49109499b1f40dc3a"},"potentialAction":[{"@type":"SearchAction","target":{"@type":"EntryPoint","urlTemplate":"https:\/\/andresmanjon.es\/?s={search_term_string}"},"query-input":{"@type":"PropertyValueSpecification","valueRequired":true,"valueName":"search_term_string"}}],"inLanguage":"es"},{"@type":["Person","Organization"],"@id":"https:\/\/andresmanjon.es\/#\/schema\/person\/c3aa9658a78defc49109499b1f40dc3a","name":"Enrique Alonso Guardia","image":{"@type":"ImageObject","inLanguage":"es","@id":"https:\/\/i0.wp.com\/andresmanjon.es\/wp-content\/uploads\/2023\/12\/cropped-logo-1.png?fit=1660%2C548&ssl=1","url":"https:\/\/i0.wp.com\/andresmanjon.es\/wp-content\/uploads\/2023\/12\/cropped-logo-1.png?fit=1660%2C548&ssl=1","contentUrl":"https:\/\/i0.wp.com\/andresmanjon.es\/wp-content\/uploads\/2023\/12\/cropped-logo-1.png?fit=1660%2C548&ssl=1","width":1660,"height":548,"caption":"Enrique Alonso Guardia"},"logo":{"@id":"https:\/\/i0.wp.com\/andresmanjon.es\/wp-content\/uploads\/2023\/12\/cropped-logo-1.png?fit=1660%2C548&ssl=1"},"sameAs":["http:\/\/www.kalonso.com"]}]}},"jetpack-related-posts":[{"id":406,"url":"https:\/\/andresmanjon.es\/index.php\/biblioteca-digital\/","url_meta":{"origin":916,"position":0},"title":"BIBLIOTECA DIGITAL","author":"Enrique Alonso Guardia","date":"01\/02\/2024","format":false,"excerpt":"En este apartado de biblioteca digital iremos subiendo los documentos encontrados en internet que pertenecen a ediciones p\u00fablicas de los escritos de D. Andr\u00e9s Manj\u00f3n. Este apartado est\u00e1 en constante construcci\u00f3n. Si encuentra documentaci\u00f3n publicada rogamos nos la env\u00ede a info@andresmanjon.es.*AVISO: Si cree que estos documentos o enlaces van en\u2026","rel":"","context":"Entrada similar","block_context":{"text":"Entrada similar","link":""},"img":{"alt_text":"","src":"https:\/\/i0.wp.com\/andresmanjon.es\/wp-content\/uploads\/2024\/01\/biblioteca_2.webp?fit=1200%2C838&ssl=1&resize=350%2C200","width":350,"height":200,"srcset":"https:\/\/i0.wp.com\/andresmanjon.es\/wp-content\/uploads\/2024\/01\/biblioteca_2.webp?fit=1200%2C838&ssl=1&resize=350%2C200 1x, https:\/\/i0.wp.com\/andresmanjon.es\/wp-content\/uploads\/2024\/01\/biblioteca_2.webp?fit=1200%2C838&ssl=1&resize=525%2C300 1.5x, https:\/\/i0.wp.com\/andresmanjon.es\/wp-content\/uploads\/2024\/01\/biblioteca_2.webp?fit=1200%2C838&ssl=1&resize=700%2C400 2x, https:\/\/i0.wp.com\/andresmanjon.es\/wp-content\/uploads\/2024\/01\/biblioteca_2.webp?fit=1200%2C838&ssl=1&resize=1050%2C600 3x"},"classes":[]},{"id":314,"url":"https:\/\/andresmanjon.es\/index.php\/seminario-de-maestros\/","url_meta":{"origin":916,"position":1},"title":"Seminario de Maestros","author":"Enrique Alonso Guardia","date":"12\/29\/2023","format":false,"excerpt":"Quien no sepa amar no sabe educar, ni a s\u00ed mismo ni a los dem\u00e1s. El gran medio de la educaci\u00f3n, es la bondad, es el amor (...) el m\u00e1s desdichado de los hombres es el que menos ama; el m\u00e1s desdichado de los educadores es el que seca la\u2026","rel":"","context":"Entrada similar","block_context":{"text":"Entrada similar","link":""},"img":{"alt_text":"","src":"https:\/\/i0.wp.com\/andresmanjon.es\/wp-content\/uploads\/2023\/12\/seminariodemaestros1-300x180.jpg?resize=350%2C200&ssl=1","width":350,"height":200},"classes":[]},{"id":499,"url":"https:\/\/andresmanjon.es\/index.php\/lineadetiempo\/","url_meta":{"origin":916,"position":2},"title":"L\u00cdNEA DE TIEMPO","author":"Enrique Alonso Guardia","date":"01\/15\/2024","format":false,"excerpt":"DESCARGA LA L\u00cdNEA DE TIEMPO Pincha en la derecha del texto para descargar el archivo de la l\u00ednea de tiempo de la vida de Don Andr\u00e9s Manj\u00f3n. Debajo de estas lineas encontraras un breve resumen de su vida realizado por nuestro compa\u00f1ero D. Antonio Montes Jim\u00e9nez.1. EL FUNDADOR DE LAS\u2026","rel":"","context":"Entrada similar","block_context":{"text":"Entrada similar","link":""},"img":{"alt_text":"","src":"https:\/\/i0.wp.com\/andresmanjon.es\/wp-content\/uploads\/2024\/01\/Sonar-en-la-vieja-ciudad-de-Granada.-22.webp?resize=350%2C200&ssl=1","width":350,"height":200},"classes":[]},{"id":101,"url":"https:\/\/andresmanjon.es\/index.php\/centenario-de-la-muerte-de-don-andres-manjon\/","url_meta":{"origin":916,"position":3},"title":"CENTENARIO DE LA MUERTE DE DON ANDR\u00c9S MANJ\u00d3N","author":"Enrique Alonso Guardia","date":"12\/25\/2023","format":false,"excerpt":"CENTENARIO DE DON ANDRES MANJ\u00d3N (1923-2023) PROGRAMA DE ACTOS\u00b7NOVIEMBRE 2022-NOVIEMBRE 2023 Este a\u00f1o se celebra el Centenario de la muerte de Don Andr\u00e9s Manj\u00f3n, sacerdote y pedagogo espa\u00f1ol al que recordamos por ser el fundador de las Escuelas del Ave Mar\u00eda, dedicadas a proporcionar una instrucci\u00f3n elemental a los ni\u00f1os\u2026","rel":"","context":"Entrada similar","block_context":{"text":"Entrada similar","link":""},"img":{"alt_text":"","src":"https:\/\/i0.wp.com\/andresmanjon.es\/wp-content\/uploads\/2024\/01\/INVITACION-APERTURA-CENTENARIO-1024x460.jpg?resize=350%2C200&ssl=1","width":350,"height":200,"srcset":"https:\/\/i0.wp.com\/andresmanjon.es\/wp-content\/uploads\/2024\/01\/INVITACION-APERTURA-CENTENARIO-1024x460.jpg?resize=350%2C200&ssl=1 1x, https:\/\/i0.wp.com\/andresmanjon.es\/wp-content\/uploads\/2024\/01\/INVITACION-APERTURA-CENTENARIO-1024x460.jpg?resize=525%2C300&ssl=1 1.5x, https:\/\/i0.wp.com\/andresmanjon.es\/wp-content\/uploads\/2024\/01\/INVITACION-APERTURA-CENTENARIO-1024x460.jpg?resize=700%2C400&ssl=1 2x"},"classes":[]},{"id":1054,"url":"https:\/\/andresmanjon.es\/index.php\/escuelas-manjonianas-por-espana\/","url_meta":{"origin":916,"position":4},"title":"ESCUELAS MANJONIANAS POR ESPA\u00d1A","author":"Enrique Alonso Guardia","date":"02\/13\/2024","format":false,"excerpt":"ESCUELAS MANJONIANAS EN GRANADAFundaci\u00f3n Ave Mar\u00eda GranadaWebs Corporativa -\u00a0 Albolote - Amanecer - Casa Madre - Esparraguera - La Quinta - San Crist\u00f3bal - San Isidro - Varadero - Vistillas.Carrera Andr\u00e9s Manj\u00f3nAsociaci\u00f3n Juvenil AvemarianaCasa Museo - proximamenteArchivo documentaci\u00f3n\u00a0de la Fundaci\u00f3nAndr\u00e9s Manj\u00f3n beatoColegio Padre Manj\u00f3n GranadaObra Social Padre Manj\u00f3n\u00a0FUNDACI\u00d3N MANJ\u00d3N PALENCIA\u2026","rel":"","context":"Entrada similar","block_context":{"text":"Entrada similar","link":""},"img":{"alt_text":"","src":"","width":0,"height":0},"classes":[]},{"id":14,"url":"https:\/\/andresmanjon.es\/","url_meta":{"origin":916,"position":5},"title":"PRINCIPAL","author":"Enrique Alonso Guardia","date":"12\/20\/2023","format":false,"excerpt":"BIENVENIDO A LA P\u00c1GINA PRINCIPAL DE LA WEB DE ANDR\u00c9S MANJ\u00d3N VIVE Te damos la bienvenida a la p\u00e1gina principal de la web andresmanjon.es. En ella queremos ofrecerte todo el material que hay disponible en internet y en las redes sociales sobre la figura de Andr\u00e9s Manj\u00f3n, todo esto de\u2026","rel":"","context":"Entrada similar","block_context":{"text":"Entrada similar","link":""},"img":{"alt_text":"","src":"","width":0,"height":0},"classes":[]}],"jetpack_sharing_enabled":true,"_links":{"self":[{"href":"https:\/\/andresmanjon.es\/index.php\/wp-json\/wp\/v2\/pages\/916","targetHints":{"allow":["GET"]}}],"collection":[{"href":"https:\/\/andresmanjon.es\/index.php\/wp-json\/wp\/v2\/pages"}],"about":[{"href":"https:\/\/andresmanjon.es\/index.php\/wp-json\/wp\/v2\/types\/page"}],"author":[{"embeddable":true,"href":"https:\/\/andresmanjon.es\/index.php\/wp-json\/wp\/v2\/users\/2"}],"replies":[{"embeddable":true,"href":"https:\/\/andresmanjon.es\/index.php\/wp-json\/wp\/v2\/comments?post=916"}],"version-history":[{"count":1,"href":"https:\/\/andresmanjon.es\/index.php\/wp-json\/wp\/v2\/pages\/916\/revisions"}],"predecessor-version":[{"id":919,"href":"https:\/\/andresmanjon.es\/index.php\/wp-json\/wp\/v2\/pages\/916\/revisions\/919"}],"wp:attachment":[{"href":"https:\/\/andresmanjon.es\/index.php\/wp-json\/wp\/v2\/media?parent=916"}],"curies":[{"name":"wp","href":"https:\/\/api.w.org\/{rel}","templated":true}]}}