{"id":724,"date":"2024-01-31T00:14:25","date_gmt":"2024-01-31T00:14:25","guid":{"rendered":"https:\/\/andresmanjon.es\/?page_id=724"},"modified":"2024-02-23T21:17:10","modified_gmt":"2024-02-23T21:17:10","slug":"colabora","status":"publish","type":"page","link":"https:\/\/andresmanjon.es\/index.php\/colabora\/","title":{"rendered":"COLABORA"},"content":{"rendered":"\t\t<div data-elementor-type=\"wp-page\" data-elementor-id=\"724\" class=\"elementor elementor-724\" data-elementor-post-type=\"page\">\n\t\t\t\t<div class=\"elementor-element elementor-element-424631b5 e-flex e-con-boxed e-con e-parent\" data-id=\"424631b5\" data-element_type=\"container\" data-e-type=\"container\">\n\t\t\t\t\t<div class=\"e-con-inner\">\n\t\t\t\t<div class=\"elementor-element elementor-element-4de473c8 elementor-widget elementor-widget-text-editor\" data-id=\"4de473c8\" data-element_type=\"widget\" data-e-type=\"widget\" data-widget_type=\"text-editor.default\">\n\t\t\t\t<div class=\"elementor-widget-container\">\n\t\t\t\t\t\t\t\t\t<h2>La forma de colaborar con esta web es m\u00faltiple:<\/h2><ol><li>Colaboras <strong>si lees y dejas conmover tu coraz\u00f3n con atenci\u00f3n<\/strong> en cada cada pagina, art\u00edculo o noticia que os presentemos.<\/li><li>Colaboras <strong>si aportas texto<\/strong>s, reflexiones, obras de arte sobre la figura de D. Andr\u00e9s Manj\u00f3n:<a href=\"info@andresmanjon.es\"> info@andresmanjon.es\u00a0<\/a><\/li><li>Colaboras avisando de los enlaces incorrectos.<\/li><li>Colaboras si nos adviertes de alg\u00fan contenido que vulnere los derechos de autor.<\/li><li>Colaboras <strong>si visitas la p\u00e1gina y te suscribes<\/strong> a nuestra Newsletter<\/li><li>Colaboras <strong>si difundes<\/strong> en tus redes nuestra existencia.<\/li><li>Colaboras <strong>si investigas y te enamoras del legado<\/strong>\u00a0sobre D. Andr\u00e9s Manj\u00f3n.<\/li><\/ol>\t\t\t\t\t\t\t\t<\/div>\n\t\t\t\t<\/div>\n\t\t\t\t\t<\/div>\n\t\t\t\t<\/div>\n\t\t\t\t<\/div>\n\t\t","protected":false},"excerpt":{"rendered":"<p>La forma de colaborar con esta web es m\u00faltiple: Colaboras si lees y dejas conmover tu coraz\u00f3n con atenci\u00f3n en cada cada pagina, art\u00edculo o noticia que os presentemos. Colaboras si aportas textos, reflexiones, obras de arte sobre la figura de D. Andr\u00e9s Manj\u00f3n: info@andresmanjon.es\u00a0 Colaboras avisando de los enlaces incorrectos. Colaboras si nos adviertes [&hellip;]<\/p>\n","protected":false},"author":2,"featured_media":581,"parent":0,"menu_order":0,"comment_status":"closed","ping_status":"closed","template":"","meta":{"footnotes":""},"class_list":["post-724","page","type-page","status-publish","has-post-thumbnail","hentry"],"yoast_head":"<!-- This site is optimized with the Yoast SEO plugin v27.6 - https:\/\/yoast.com\/product\/yoast-seo-wordpress\/ -->\n<title>COLABORA - MANJON VIVE<\/title>\n<meta name=\"description\" content=\"Colabora. Conoce las formas de colaborar con la web de andresmanjon.es y andresmanjon.org. Difunde a amigos\/as y conocidos.\" \/>\n<meta name=\"robots\" content=\"index, follow, max-snippet:-1, max-image-preview:large, max-video-preview:-1\" \/>\n<link rel=\"canonical\" href=\"https:\/\/andresmanjon.es\/index.php\/colabora\/\" \/>\n<meta property=\"og:locale\" content=\"es_ES\" \/>\n<meta property=\"og:type\" content=\"article\" \/>\n<meta property=\"og:title\" content=\"COLABORA - MANJON VIVE\" \/>\n<meta property=\"og:description\" content=\"Colabora. Conoce las formas de colaborar con la web de andresmanjon.es y andresmanjon.org. Difunde a amigos\/as y conocidos.\" \/>\n<meta property=\"og:url\" content=\"https:\/\/andresmanjon.es\/index.php\/colabora\/\" \/>\n<meta property=\"og:site_name\" content=\"MANJON VIVE\" \/>\n<meta property=\"article:modified_time\" content=\"2024-02-23T21:17:10+00:00\" \/>\n<meta property=\"og:image\" content=\"https:\/\/andresmanjon.es\/wp-content\/uploads\/2024\/01\/patio.webp\" \/>\n\t<meta property=\"og:image:width\" content=\"960\" \/>\n\t<meta property=\"og:image:height\" content=\"720\" \/>\n\t<meta property=\"og:image:type\" content=\"image\/webp\" \/>\n<meta name=\"twitter:card\" content=\"summary_large_image\" \/>\n<meta name=\"twitter:label1\" content=\"Tiempo de lectura\" \/>\n\t<meta name=\"twitter:data1\" content=\"1 minuto\" \/>\n<script type=\"application\/ld+json\" class=\"yoast-schema-graph\">{\"@context\":\"https:\\\/\\\/schema.org\",\"@graph\":[{\"@type\":\"WebPage\",\"@id\":\"https:\\\/\\\/andresmanjon.es\\\/index.php\\\/colabora\\\/\",\"url\":\"https:\\\/\\\/andresmanjon.es\\\/index.php\\\/colabora\\\/\",\"name\":\"COLABORA - MANJON VIVE\",\"isPartOf\":{\"@id\":\"https:\\\/\\\/andresmanjon.es\\\/#website\"},\"primaryImageOfPage\":{\"@id\":\"https:\\\/\\\/andresmanjon.es\\\/index.php\\\/colabora\\\/#primaryimage\"},\"image\":{\"@id\":\"https:\\\/\\\/andresmanjon.es\\\/index.php\\\/colabora\\\/#primaryimage\"},\"thumbnailUrl\":\"https:\\\/\\\/i0.wp.com\\\/andresmanjon.es\\\/wp-content\\\/uploads\\\/2024\\\/01\\\/patio.webp?fit=960%2C720&ssl=1\",\"datePublished\":\"2024-01-31T00:14:25+00:00\",\"dateModified\":\"2024-02-23T21:17:10+00:00\",\"description\":\"Colabora. Conoce las formas de colaborar con la web de andresmanjon.es y andresmanjon.org. Difunde a amigos\\\/as y conocidos.\",\"breadcrumb\":{\"@id\":\"https:\\\/\\\/andresmanjon.es\\\/index.php\\\/colabora\\\/#breadcrumb\"},\"inLanguage\":\"es\",\"potentialAction\":[{\"@type\":\"ReadAction\",\"target\":[\"https:\\\/\\\/andresmanjon.es\\\/index.php\\\/colabora\\\/\"]}]},{\"@type\":\"ImageObject\",\"inLanguage\":\"es\",\"@id\":\"https:\\\/\\\/andresmanjon.es\\\/index.php\\\/colabora\\\/#primaryimage\",\"url\":\"https:\\\/\\\/i0.wp.com\\\/andresmanjon.es\\\/wp-content\\\/uploads\\\/2024\\\/01\\\/patio.webp?fit=960%2C720&ssl=1\",\"contentUrl\":\"https:\\\/\\\/i0.wp.com\\\/andresmanjon.es\\\/wp-content\\\/uploads\\\/2024\\\/01\\\/patio.webp?fit=960%2C720&ssl=1\",\"width\":960,\"height\":720},{\"@type\":\"BreadcrumbList\",\"@id\":\"https:\\\/\\\/andresmanjon.es\\\/index.php\\\/colabora\\\/#breadcrumb\",\"itemListElement\":[{\"@type\":\"ListItem\",\"position\":1,\"name\":\"Portada\",\"item\":\"https:\\\/\\\/andresmanjon.es\\\/\"},{\"@type\":\"ListItem\",\"position\":2,\"name\":\"COLABORA\"}]},{\"@type\":\"WebSite\",\"@id\":\"https:\\\/\\\/andresmanjon.es\\\/#website\",\"url\":\"https:\\\/\\\/andresmanjon.es\\\/\",\"name\":\"Andr\u00e9s Manj\u00f3n y Manj\u00f3n\",\"description\":\"UNA EDUCACI\u00d3N PARA TODOS\",\"publisher\":{\"@id\":\"https:\\\/\\\/andresmanjon.es\\\/#\\\/schema\\\/person\\\/c3aa9658a78defc49109499b1f40dc3a\"},\"potentialAction\":[{\"@type\":\"SearchAction\",\"target\":{\"@type\":\"EntryPoint\",\"urlTemplate\":\"https:\\\/\\\/andresmanjon.es\\\/?s={search_term_string}\"},\"query-input\":{\"@type\":\"PropertyValueSpecification\",\"valueRequired\":true,\"valueName\":\"search_term_string\"}}],\"inLanguage\":\"es\"},{\"@type\":[\"Person\",\"Organization\"],\"@id\":\"https:\\\/\\\/andresmanjon.es\\\/#\\\/schema\\\/person\\\/c3aa9658a78defc49109499b1f40dc3a\",\"name\":\"Enrique Alonso Guardia\",\"image\":{\"@type\":\"ImageObject\",\"inLanguage\":\"es\",\"@id\":\"https:\\\/\\\/i0.wp.com\\\/andresmanjon.es\\\/wp-content\\\/uploads\\\/2023\\\/12\\\/cropped-logo-1.png?fit=1660%2C548&ssl=1\",\"url\":\"https:\\\/\\\/i0.wp.com\\\/andresmanjon.es\\\/wp-content\\\/uploads\\\/2023\\\/12\\\/cropped-logo-1.png?fit=1660%2C548&ssl=1\",\"contentUrl\":\"https:\\\/\\\/i0.wp.com\\\/andresmanjon.es\\\/wp-content\\\/uploads\\\/2023\\\/12\\\/cropped-logo-1.png?fit=1660%2C548&ssl=1\",\"width\":1660,\"height\":548,\"caption\":\"Enrique Alonso Guardia\"},\"logo\":{\"@id\":\"https:\\\/\\\/i0.wp.com\\\/andresmanjon.es\\\/wp-content\\\/uploads\\\/2023\\\/12\\\/cropped-logo-1.png?fit=1660%2C548&ssl=1\"},\"sameAs\":[\"http:\\\/\\\/www.kalonso.com\"]}]}<\/script>\n<!-- \/ Yoast SEO plugin. -->","yoast_head_json":{"title":"COLABORA - MANJON VIVE","description":"Colabora. Conoce las formas de colaborar con la web de andresmanjon.es y andresmanjon.org. Difunde a amigos\/as y conocidos.","robots":{"index":"index","follow":"follow","max-snippet":"max-snippet:-1","max-image-preview":"max-image-preview:large","max-video-preview":"max-video-preview:-1"},"canonical":"https:\/\/andresmanjon.es\/index.php\/colabora\/","og_locale":"es_ES","og_type":"article","og_title":"COLABORA - MANJON VIVE","og_description":"Colabora. Conoce las formas de colaborar con la web de andresmanjon.es y andresmanjon.org. Difunde a amigos\/as y conocidos.","og_url":"https:\/\/andresmanjon.es\/index.php\/colabora\/","og_site_name":"MANJON VIVE","article_modified_time":"2024-02-23T21:17:10+00:00","og_image":[{"width":960,"height":720,"url":"https:\/\/andresmanjon.es\/wp-content\/uploads\/2024\/01\/patio.webp","type":"image\/webp"}],"twitter_card":"summary_large_image","twitter_misc":{"Tiempo de lectura":"1 minuto"},"schema":{"@context":"https:\/\/schema.org","@graph":[{"@type":"WebPage","@id":"https:\/\/andresmanjon.es\/index.php\/colabora\/","url":"https:\/\/andresmanjon.es\/index.php\/colabora\/","name":"COLABORA - MANJON VIVE","isPartOf":{"@id":"https:\/\/andresmanjon.es\/#website"},"primaryImageOfPage":{"@id":"https:\/\/andresmanjon.es\/index.php\/colabora\/#primaryimage"},"image":{"@id":"https:\/\/andresmanjon.es\/index.php\/colabora\/#primaryimage"},"thumbnailUrl":"https:\/\/i0.wp.com\/andresmanjon.es\/wp-content\/uploads\/2024\/01\/patio.webp?fit=960%2C720&ssl=1","datePublished":"2024-01-31T00:14:25+00:00","dateModified":"2024-02-23T21:17:10+00:00","description":"Colabora. Conoce las formas de colaborar con la web de andresmanjon.es y andresmanjon.org. Difunde a amigos\/as y conocidos.","breadcrumb":{"@id":"https:\/\/andresmanjon.es\/index.php\/colabora\/#breadcrumb"},"inLanguage":"es","potentialAction":[{"@type":"ReadAction","target":["https:\/\/andresmanjon.es\/index.php\/colabora\/"]}]},{"@type":"ImageObject","inLanguage":"es","@id":"https:\/\/andresmanjon.es\/index.php\/colabora\/#primaryimage","url":"https:\/\/i0.wp.com\/andresmanjon.es\/wp-content\/uploads\/2024\/01\/patio.webp?fit=960%2C720&ssl=1","contentUrl":"https:\/\/i0.wp.com\/andresmanjon.es\/wp-content\/uploads\/2024\/01\/patio.webp?fit=960%2C720&ssl=1","width":960,"height":720},{"@type":"BreadcrumbList","@id":"https:\/\/andresmanjon.es\/index.php\/colabora\/#breadcrumb","itemListElement":[{"@type":"ListItem","position":1,"name":"Portada","item":"https:\/\/andresmanjon.es\/"},{"@type":"ListItem","position":2,"name":"COLABORA"}]},{"@type":"WebSite","@id":"https:\/\/andresmanjon.es\/#website","url":"https:\/\/andresmanjon.es\/","name":"Andr\u00e9s Manj\u00f3n y Manj\u00f3n","description":"UNA EDUCACI\u00d3N PARA TODOS","publisher":{"@id":"https:\/\/andresmanjon.es\/#\/schema\/person\/c3aa9658a78defc49109499b1f40dc3a"},"potentialAction":[{"@type":"SearchAction","target":{"@type":"EntryPoint","urlTemplate":"https:\/\/andresmanjon.es\/?s={search_term_string}"},"query-input":{"@type":"PropertyValueSpecification","valueRequired":true,"valueName":"search_term_string"}}],"inLanguage":"es"},{"@type":["Person","Organization"],"@id":"https:\/\/andresmanjon.es\/#\/schema\/person\/c3aa9658a78defc49109499b1f40dc3a","name":"Enrique Alonso Guardia","image":{"@type":"ImageObject","inLanguage":"es","@id":"https:\/\/i0.wp.com\/andresmanjon.es\/wp-content\/uploads\/2023\/12\/cropped-logo-1.png?fit=1660%2C548&ssl=1","url":"https:\/\/i0.wp.com\/andresmanjon.es\/wp-content\/uploads\/2023\/12\/cropped-logo-1.png?fit=1660%2C548&ssl=1","contentUrl":"https:\/\/i0.wp.com\/andresmanjon.es\/wp-content\/uploads\/2023\/12\/cropped-logo-1.png?fit=1660%2C548&ssl=1","width":1660,"height":548,"caption":"Enrique Alonso Guardia"},"logo":{"@id":"https:\/\/i0.wp.com\/andresmanjon.es\/wp-content\/uploads\/2023\/12\/cropped-logo-1.png?fit=1660%2C548&ssl=1"},"sameAs":["http:\/\/www.kalonso.com"]}]}},"jetpack-related-posts":[{"id":344,"url":"https:\/\/andresmanjon.es\/index.php\/el-mundo-gitano-para-d-andres\/","url_meta":{"origin":724,"position":0},"title":"EL MUNDO GITANO PARA D. ANDR\u00c9S","author":"Enrique Alonso Guardia","date":"12\/31\/2023","format":false,"excerpt":"La visi\u00f3n sobre el mundo gitano para D. Andr\u00e9s es controvertida y ha sido objeto de cr\u00edticas en tiempos recientes. En sus publicaciones, Manj\u00f3n describi\u00f3 a los gitanos de manera negativa, utilizando t\u00e9rminos que hoy se considerar\u00edan racistas. En su obra \"El gitano et ultra. Hojas de educaci\u00f3n social et\u2026","rel":"","context":"Entrada similar","block_context":{"text":"Entrada similar","link":""},"img":{"alt_text":"","src":"https:\/\/i0.wp.com\/andresmanjon.es\/wp-content\/uploads\/2023\/12\/Cappi-Cortes.png?fit=1024%2C1024&ssl=1&resize=350%2C200","width":350,"height":200,"srcset":"https:\/\/i0.wp.com\/andresmanjon.es\/wp-content\/uploads\/2023\/12\/Cappi-Cortes.png?fit=1024%2C1024&ssl=1&resize=350%2C200 1x, https:\/\/i0.wp.com\/andresmanjon.es\/wp-content\/uploads\/2023\/12\/Cappi-Cortes.png?fit=1024%2C1024&ssl=1&resize=525%2C300 1.5x, https:\/\/i0.wp.com\/andresmanjon.es\/wp-content\/uploads\/2023\/12\/Cappi-Cortes.png?fit=1024%2C1024&ssl=1&resize=700%2C400 2x"},"classes":[]},{"id":406,"url":"https:\/\/andresmanjon.es\/index.php\/biblioteca-digital\/","url_meta":{"origin":724,"position":1},"title":"BIBLIOTECA DIGITAL","author":"Enrique Alonso Guardia","date":"01\/02\/2024","format":false,"excerpt":"En este apartado de biblioteca digital iremos subiendo los documentos encontrados en internet que pertenecen a ediciones p\u00fablicas de los escritos de D. Andr\u00e9s Manj\u00f3n. Este apartado est\u00e1 en constante construcci\u00f3n. Si encuentra documentaci\u00f3n publicada rogamos nos la env\u00ede a info@andresmanjon.es.*AVISO: Si cree que estos documentos o enlaces van en\u2026","rel":"","context":"Entrada similar","block_context":{"text":"Entrada similar","link":""},"img":{"alt_text":"","src":"https:\/\/i0.wp.com\/andresmanjon.es\/wp-content\/uploads\/2024\/01\/biblioteca_2.webp?fit=1200%2C838&ssl=1&resize=350%2C200","width":350,"height":200,"srcset":"https:\/\/i0.wp.com\/andresmanjon.es\/wp-content\/uploads\/2024\/01\/biblioteca_2.webp?fit=1200%2C838&ssl=1&resize=350%2C200 1x, https:\/\/i0.wp.com\/andresmanjon.es\/wp-content\/uploads\/2024\/01\/biblioteca_2.webp?fit=1200%2C838&ssl=1&resize=525%2C300 1.5x, https:\/\/i0.wp.com\/andresmanjon.es\/wp-content\/uploads\/2024\/01\/biblioteca_2.webp?fit=1200%2C838&ssl=1&resize=700%2C400 2x, https:\/\/i0.wp.com\/andresmanjon.es\/wp-content\/uploads\/2024\/01\/biblioteca_2.webp?fit=1200%2C838&ssl=1&resize=1050%2C600 3x"},"classes":[]},{"id":14,"url":"https:\/\/andresmanjon.es\/","url_meta":{"origin":724,"position":2},"title":"PRINCIPAL","author":"Enrique Alonso Guardia","date":"12\/20\/2023","format":false,"excerpt":"BIENVENIDO A LA P\u00c1GINA PRINCIPAL DE LA WEB DE ANDR\u00c9S MANJ\u00d3N VIVE Te damos la bienvenida a la p\u00e1gina principal de la web andresmanjon.es. En ella queremos ofrecerte todo el material que hay disponible en internet y en las redes sociales sobre la figura de Andr\u00e9s Manj\u00f3n, todo esto de\u2026","rel":"","context":"Entrada similar","block_context":{"text":"Entrada similar","link":""},"img":{"alt_text":"","src":"","width":0,"height":0},"classes":[]},{"id":615,"url":"https:\/\/andresmanjon.es\/index.php\/comite-cientifico\/","url_meta":{"origin":724,"position":3},"title":"COMIT\u00c9 CIENT\u00cdFICO","author":"Enrique Alonso Guardia","date":"01\/16\/2024","format":false,"excerpt":"Para asegurar la veracidad de la informaci\u00f3n que se publica en este portal se crear\u00e1 un equipo de expertos\/as en el Pensamiento Avemariano de D. Andr\u00e9s Manj\u00f3n. Cada publicaci\u00f3n ser\u00e1 baremada por los miembros del equipo que devolver\u00e1n al autor o autora el resultado de su evaluaci\u00f3n con las correspondientes\u2026","rel":"","context":"Entrada similar","block_context":{"text":"Entrada similar","link":""},"img":{"alt_text":"","src":"","width":0,"height":0},"classes":[]},{"id":1965,"url":"https:\/\/andresmanjon.es\/index.php\/repositorio-sobre-andres-manjon\/","url_meta":{"origin":724,"position":4},"title":"REPOSITORIO SOBRE ANDR\u00c9S M\u00c1NJ\u00d3N","author":"Enrique Alonso Guardia","date":"11\/23\/2024","format":false,"excerpt":"\ud83c\udf89 Compartimos el legado educativo de Don Andr\u00e9s Manj\u00f3n \ud83d\udcdaCon amor y dedicaci\u00f3n, hemos recopilado un conjunto de materiales educativos inspirados en la vida y obra de Don Andr\u00e9s Manj\u00f3n, creador de las Escuelas del Ave Mar\u00eda y defensor de una educaci\u00f3n basada en el juego, la espiritualidad y los\u2026","rel":"","context":"Entrada similar","block_context":{"text":"Entrada similar","link":""},"img":{"alt_text":"","src":"https:\/\/i0.wp.com\/andresmanjon.es\/wp-content\/uploads\/2024\/11\/30-noviembre-San-Andres.png?fit=1080%2C1080&ssl=1&resize=350%2C200","width":350,"height":200,"srcset":"https:\/\/i0.wp.com\/andresmanjon.es\/wp-content\/uploads\/2024\/11\/30-noviembre-San-Andres.png?fit=1080%2C1080&ssl=1&resize=350%2C200 1x, https:\/\/i0.wp.com\/andresmanjon.es\/wp-content\/uploads\/2024\/11\/30-noviembre-San-Andres.png?fit=1080%2C1080&ssl=1&resize=525%2C300 1.5x, https:\/\/i0.wp.com\/andresmanjon.es\/wp-content\/uploads\/2024\/11\/30-noviembre-San-Andres.png?fit=1080%2C1080&ssl=1&resize=700%2C400 2x, https:\/\/i0.wp.com\/andresmanjon.es\/wp-content\/uploads\/2024\/11\/30-noviembre-San-Andres.png?fit=1080%2C1080&ssl=1&resize=1050%2C600 3x"},"classes":[]},{"id":138,"url":"https:\/\/andresmanjon.es\/index.php\/enrique-alonso-guardia\/","url_meta":{"origin":724,"position":5},"title":"Enrique Alonso Guardia","author":"Enrique Alonso Guardia","date":"12\/26\/2023","format":false,"excerpt":"Soy Enrique Alonso Guardia. Maestro de Ed. Infantil en las escuelas del Ave Mar\u00eda desde 1992. Estoy encantado de que visites esta web homenaje al Padre Manj\u00f3n. Me gustar\u00eda transmitirte todo lo que me ha dado. Si est\u00e1s en esta p\u00e1gina es porque tienes curiosidad de saber quien soy. Gracias\u2026","rel":"","context":"Entrada similar","block_context":{"text":"Entrada similar","link":""},"img":{"alt_text":"","src":"https:\/\/i0.wp.com\/andresmanjon.es\/wp-content\/uploads\/2023\/12\/D3B1EDB5-AC95-4F54-B0D7-DE94C3451C69_4_5005_c.jpeg?fit=359%2C498&ssl=1&resize=350%2C200","width":350,"height":200},"classes":[]}],"jetpack_sharing_enabled":true,"_links":{"self":[{"href":"https:\/\/andresmanjon.es\/index.php\/wp-json\/wp\/v2\/pages\/724","targetHints":{"allow":["GET"]}}],"collection":[{"href":"https:\/\/andresmanjon.es\/index.php\/wp-json\/wp\/v2\/pages"}],"about":[{"href":"https:\/\/andresmanjon.es\/index.php\/wp-json\/wp\/v2\/types\/page"}],"author":[{"embeddable":true,"href":"https:\/\/andresmanjon.es\/index.php\/wp-json\/wp\/v2\/users\/2"}],"replies":[{"embeddable":true,"href":"https:\/\/andresmanjon.es\/index.php\/wp-json\/wp\/v2\/comments?post=724"}],"version-history":[{"count":16,"href":"https:\/\/andresmanjon.es\/index.php\/wp-json\/wp\/v2\/pages\/724\/revisions"}],"predecessor-version":[{"id":1149,"href":"https:\/\/andresmanjon.es\/index.php\/wp-json\/wp\/v2\/pages\/724\/revisions\/1149"}],"wp:featuredmedia":[{"embeddable":true,"href":"https:\/\/andresmanjon.es\/index.php\/wp-json\/wp\/v2\/media\/581"}],"wp:attachment":[{"href":"https:\/\/andresmanjon.es\/index.php\/wp-json\/wp\/v2\/media?parent=724"}],"curies":[{"name":"wp","href":"https:\/\/api.w.org\/{rel}","templated":true}]}}