{"id":49,"date":"2023-12-21T16:57:34","date_gmt":"2023-12-21T16:57:34","guid":{"rendered":"https:\/\/andresmanjon.es\/index.php\/aviso-legal-imprint\/"},"modified":"2024-09-26T15:35:40","modified_gmt":"2024-09-26T14:35:40","slug":"aviso-legal-imprint","status":"publish","type":"page","link":"https:\/\/andresmanjon.es\/index.php\/aviso-legal-imprint\/","title":{"rendered":"Aviso Legal \/ Imprint"},"content":{"rendered":"\n<!-- Legal document generated by Complianz | GDPR\/CCPA Cookie Consent https:\/\/wordpress.org\/plugins\/complianz-gdpr -->\n<div id=\"cmplz-document\" class=\"cmplz-document impressum cmplz-document-all\"><p><i>This imprint was last updated on 05\/26\/2025.<\/i><\/p><p class=\"cmplz-subtitle\">The owner of this website is:<\/p><p>Enrique Alonso Guardia <br>Jupiter 1, 3\u00ba izq<br>Espa\u00f1a<br>Email:&nbsp;<span class=\"cmplz-obfuscate\">in&#102;o@<span class=\"cmplz-fmail-domain\">&#101;&#120;.com<\/span>&#097;&#110;&#100;&#114;es&#109;an&#106;&#111;n&#046;e&#115;<\/span><br>Phone number: 619051376<br><\/p><h2>1. General<\/h2><p>We are not willing or obliged to participate in dispute resolution procedures before a consumer arbitration board.<\/p><h2>2. The following information is mandatory according to German law.<\/h2><p class=\"cmplz-subtitle\">2.1 Die Eigentumsanteile der Gesellschaft (Aktienkapital), die von ihr ausgegeben wurden:<\/p><p>100<\/p><p class=\"cmplz-subtitle\">2.2 Wir stellen journalistische und redaktionell aufbereitete Inhalte zur Verf\u00fcgung.<\/p><p>Daher m\u00fcssen wir den Namen und den Wohnort der Person nennen, die f\u00fcr den Inhalt dieser Website verantwortlich ist:<br \/><br \/>Verantwortlich f\u00fcr den Inhalt nach \u00a7 18 Abs. 2 MStV ist: Enrique Alonso Guardia aus Espa\u00f1a.<\/p><p class=\"cmplz-subtitle\">2.3 Unsere Berufshaftpflichtversicherung lautet:<\/p><p>Jupiter 1, 3\u00ba izq<\/p><\/div>\n","protected":false},"excerpt":{"rendered":"","protected":false},"author":2,"featured_media":0,"parent":0,"menu_order":0,"comment_status":"closed","ping_status":"closed","template":"","meta":{"jetpack_post_was_ever_published":false,"footnotes":""},"class_list":["post-49","page","type-page","status-publish","hentry"],"yoast_head":"<!-- This site is optimized with the Yoast SEO plugin v27.5 - https:\/\/yoast.com\/product\/yoast-seo-wordpress\/ -->\n<title>Aviso Legal \/ Imprint - MANJON VIVE<\/title>\n<meta name=\"robots\" content=\"index, follow, max-snippet:-1, max-image-preview:large, max-video-preview:-1\" \/>\n<link rel=\"canonical\" href=\"https:\/\/andresmanjon.es\/index.php\/aviso-legal-imprint\/\" \/>\n<meta property=\"og:locale\" content=\"es_ES\" \/>\n<meta property=\"og:type\" content=\"article\" \/>\n<meta property=\"og:title\" content=\"Aviso Legal \/ Imprint - MANJON VIVE\" \/>\n<meta property=\"og:url\" content=\"https:\/\/andresmanjon.es\/index.php\/aviso-legal-imprint\/\" \/>\n<meta property=\"og:site_name\" content=\"MANJON VIVE\" \/>\n<meta property=\"article:modified_time\" content=\"2024-09-26T14:35:40+00:00\" \/>\n<meta name=\"twitter:card\" content=\"summary_large_image\" \/>\n<script type=\"application\/ld+json\" class=\"yoast-schema-graph\">{\"@context\":\"https:\\\/\\\/schema.org\",\"@graph\":[{\"@type\":\"WebPage\",\"@id\":\"https:\\\/\\\/andresmanjon.es\\\/index.php\\\/aviso-legal-imprint\\\/\",\"url\":\"https:\\\/\\\/andresmanjon.es\\\/index.php\\\/aviso-legal-imprint\\\/\",\"name\":\"Aviso Legal \\\/ Imprint - MANJON VIVE\",\"isPartOf\":{\"@id\":\"https:\\\/\\\/andresmanjon.es\\\/#website\"},\"datePublished\":\"2023-12-21T16:57:34+00:00\",\"dateModified\":\"2024-09-26T14:35:40+00:00\",\"breadcrumb\":{\"@id\":\"https:\\\/\\\/andresmanjon.es\\\/index.php\\\/aviso-legal-imprint\\\/#breadcrumb\"},\"inLanguage\":\"es\",\"potentialAction\":[{\"@type\":\"ReadAction\",\"target\":[\"https:\\\/\\\/andresmanjon.es\\\/index.php\\\/aviso-legal-imprint\\\/\"]}]},{\"@type\":\"BreadcrumbList\",\"@id\":\"https:\\\/\\\/andresmanjon.es\\\/index.php\\\/aviso-legal-imprint\\\/#breadcrumb\",\"itemListElement\":[{\"@type\":\"ListItem\",\"position\":1,\"name\":\"Portada\",\"item\":\"https:\\\/\\\/andresmanjon.es\\\/\"},{\"@type\":\"ListItem\",\"position\":2,\"name\":\"Aviso Legal \\\/ Imprint\"}]},{\"@type\":\"WebSite\",\"@id\":\"https:\\\/\\\/andresmanjon.es\\\/#website\",\"url\":\"https:\\\/\\\/andresmanjon.es\\\/\",\"name\":\"Andr\u00e9s Manj\u00f3n y Manj\u00f3n\",\"description\":\"UNA EDUCACI\u00d3N PARA TODOS\",\"publisher\":{\"@id\":\"https:\\\/\\\/andresmanjon.es\\\/#\\\/schema\\\/person\\\/c3aa9658a78defc49109499b1f40dc3a\"},\"potentialAction\":[{\"@type\":\"SearchAction\",\"target\":{\"@type\":\"EntryPoint\",\"urlTemplate\":\"https:\\\/\\\/andresmanjon.es\\\/?s={search_term_string}\"},\"query-input\":{\"@type\":\"PropertyValueSpecification\",\"valueRequired\":true,\"valueName\":\"search_term_string\"}}],\"inLanguage\":\"es\"},{\"@type\":[\"Person\",\"Organization\"],\"@id\":\"https:\\\/\\\/andresmanjon.es\\\/#\\\/schema\\\/person\\\/c3aa9658a78defc49109499b1f40dc3a\",\"name\":\"Enrique Alonso Guardia\",\"image\":{\"@type\":\"ImageObject\",\"inLanguage\":\"es\",\"@id\":\"https:\\\/\\\/i0.wp.com\\\/andresmanjon.es\\\/wp-content\\\/uploads\\\/2023\\\/12\\\/cropped-logo-1.png?fit=1660%2C548&ssl=1\",\"url\":\"https:\\\/\\\/i0.wp.com\\\/andresmanjon.es\\\/wp-content\\\/uploads\\\/2023\\\/12\\\/cropped-logo-1.png?fit=1660%2C548&ssl=1\",\"contentUrl\":\"https:\\\/\\\/i0.wp.com\\\/andresmanjon.es\\\/wp-content\\\/uploads\\\/2023\\\/12\\\/cropped-logo-1.png?fit=1660%2C548&ssl=1\",\"width\":1660,\"height\":548,\"caption\":\"Enrique Alonso Guardia\"},\"logo\":{\"@id\":\"https:\\\/\\\/i0.wp.com\\\/andresmanjon.es\\\/wp-content\\\/uploads\\\/2023\\\/12\\\/cropped-logo-1.png?fit=1660%2C548&ssl=1\"},\"sameAs\":[\"http:\\\/\\\/www.kalonso.com\"]}]}<\/script>\n<!-- \/ Yoast SEO plugin. -->","yoast_head_json":{"title":"Aviso Legal \/ Imprint - MANJON VIVE","robots":{"index":"index","follow":"follow","max-snippet":"max-snippet:-1","max-image-preview":"max-image-preview:large","max-video-preview":"max-video-preview:-1"},"canonical":"https:\/\/andresmanjon.es\/index.php\/aviso-legal-imprint\/","og_locale":"es_ES","og_type":"article","og_title":"Aviso Legal \/ Imprint - MANJON VIVE","og_url":"https:\/\/andresmanjon.es\/index.php\/aviso-legal-imprint\/","og_site_name":"MANJON VIVE","article_modified_time":"2024-09-26T14:35:40+00:00","twitter_card":"summary_large_image","schema":{"@context":"https:\/\/schema.org","@graph":[{"@type":"WebPage","@id":"https:\/\/andresmanjon.es\/index.php\/aviso-legal-imprint\/","url":"https:\/\/andresmanjon.es\/index.php\/aviso-legal-imprint\/","name":"Aviso Legal \/ Imprint - MANJON VIVE","isPartOf":{"@id":"https:\/\/andresmanjon.es\/#website"},"datePublished":"2023-12-21T16:57:34+00:00","dateModified":"2024-09-26T14:35:40+00:00","breadcrumb":{"@id":"https:\/\/andresmanjon.es\/index.php\/aviso-legal-imprint\/#breadcrumb"},"inLanguage":"es","potentialAction":[{"@type":"ReadAction","target":["https:\/\/andresmanjon.es\/index.php\/aviso-legal-imprint\/"]}]},{"@type":"BreadcrumbList","@id":"https:\/\/andresmanjon.es\/index.php\/aviso-legal-imprint\/#breadcrumb","itemListElement":[{"@type":"ListItem","position":1,"name":"Portada","item":"https:\/\/andresmanjon.es\/"},{"@type":"ListItem","position":2,"name":"Aviso Legal \/ Imprint"}]},{"@type":"WebSite","@id":"https:\/\/andresmanjon.es\/#website","url":"https:\/\/andresmanjon.es\/","name":"Andr\u00e9s Manj\u00f3n y Manj\u00f3n","description":"UNA EDUCACI\u00d3N PARA TODOS","publisher":{"@id":"https:\/\/andresmanjon.es\/#\/schema\/person\/c3aa9658a78defc49109499b1f40dc3a"},"potentialAction":[{"@type":"SearchAction","target":{"@type":"EntryPoint","urlTemplate":"https:\/\/andresmanjon.es\/?s={search_term_string}"},"query-input":{"@type":"PropertyValueSpecification","valueRequired":true,"valueName":"search_term_string"}}],"inLanguage":"es"},{"@type":["Person","Organization"],"@id":"https:\/\/andresmanjon.es\/#\/schema\/person\/c3aa9658a78defc49109499b1f40dc3a","name":"Enrique Alonso Guardia","image":{"@type":"ImageObject","inLanguage":"es","@id":"https:\/\/i0.wp.com\/andresmanjon.es\/wp-content\/uploads\/2023\/12\/cropped-logo-1.png?fit=1660%2C548&ssl=1","url":"https:\/\/i0.wp.com\/andresmanjon.es\/wp-content\/uploads\/2023\/12\/cropped-logo-1.png?fit=1660%2C548&ssl=1","contentUrl":"https:\/\/i0.wp.com\/andresmanjon.es\/wp-content\/uploads\/2023\/12\/cropped-logo-1.png?fit=1660%2C548&ssl=1","width":1660,"height":548,"caption":"Enrique Alonso Guardia"},"logo":{"@id":"https:\/\/i0.wp.com\/andresmanjon.es\/wp-content\/uploads\/2023\/12\/cropped-logo-1.png?fit=1660%2C548&ssl=1"},"sameAs":["http:\/\/www.kalonso.com"]}]}},"jetpack-related-posts":[{"id":50,"url":"https:\/\/andresmanjon.es\/index.php\/aviso-legal-imprint-2\/","url_meta":{"origin":49,"position":0},"title":"Descargo de responsabilidad","author":"Enrique Alonso Guardia","date":"12\/21\/2023","format":false,"excerpt":"","rel":"","context":"Entrada similar","block_context":{"text":"Entrada similar","link":""},"img":{"alt_text":"","src":"","width":0,"height":0},"classes":[]},{"id":60,"url":"https:\/\/andresmanjon.es\/index.php\/aviso-legal-imprint-4\/","url_meta":{"origin":49,"position":1},"title":"Descargo de responsabilidad","author":"Enrique Alonso Guardia","date":"12\/21\/2023","format":false,"excerpt":"","rel":"","context":"Entrada similar","block_context":{"text":"Entrada similar","link":""},"img":{"alt_text":"","src":"","width":0,"height":0},"classes":[]},{"id":1742,"url":"https:\/\/andresmanjon.es\/index.php\/descargo-de-responsabilidad\/","url_meta":{"origin":49,"position":2},"title":"Descargo de responsabilidad","author":"Enrique Alonso Guardia","date":"09\/26\/2024","format":false,"excerpt":"","rel":"","context":"Entrada similar","block_context":{"text":"Entrada similar","link":""},"img":{"alt_text":"","src":"","width":0,"height":0},"classes":[]},{"id":58,"url":"https:\/\/andresmanjon.es\/index.php\/politica-de-cookies-ue\/","url_meta":{"origin":49,"position":3},"title":"Pol\u00edtica de cookies (UE)","author":"Enrique Alonso Guardia","date":"12\/22\/2023","format":false,"excerpt":"","rel":"","context":"Entrada similar","block_context":{"text":"Entrada similar","link":""},"img":{"alt_text":"","src":"","width":0,"height":0},"classes":[]},{"id":59,"url":"https:\/\/andresmanjon.es\/index.php\/politica-de-cookies-ue-2\/","url_meta":{"origin":49,"position":4},"title":"Declaraci\u00f3n de privacidad (UE)","author":"Enrique Alonso Guardia","date":"12\/22\/2023","format":false,"excerpt":"","rel":"","context":"Entrada similar","block_context":{"text":"Entrada similar","link":""},"img":{"alt_text":"","src":"","width":0,"height":0},"classes":[]},{"id":57,"url":"https:\/\/andresmanjon.es\/index.php\/terminos-y-condiciones\/","url_meta":{"origin":49,"position":5},"title":"T\u00e9rminos y condiciones","author":"Enrique Alonso Guardia","date":"12\/22\/2023","format":false,"excerpt":"","rel":"","context":"Entrada similar","block_context":{"text":"Entrada similar","link":""},"img":{"alt_text":"","src":"","width":0,"height":0},"classes":[]}],"jetpack_sharing_enabled":true,"_links":{"self":[{"href":"https:\/\/andresmanjon.es\/index.php\/wp-json\/wp\/v2\/pages\/49","targetHints":{"allow":["GET"]}}],"collection":[{"href":"https:\/\/andresmanjon.es\/index.php\/wp-json\/wp\/v2\/pages"}],"about":[{"href":"https:\/\/andresmanjon.es\/index.php\/wp-json\/wp\/v2\/types\/page"}],"author":[{"embeddable":true,"href":"https:\/\/andresmanjon.es\/index.php\/wp-json\/wp\/v2\/users\/2"}],"replies":[{"embeddable":true,"href":"https:\/\/andresmanjon.es\/index.php\/wp-json\/wp\/v2\/comments?post=49"}],"version-history":[{"count":1,"href":"https:\/\/andresmanjon.es\/index.php\/wp-json\/wp\/v2\/pages\/49\/revisions"}],"predecessor-version":[{"id":51,"href":"https:\/\/andresmanjon.es\/index.php\/wp-json\/wp\/v2\/pages\/49\/revisions\/51"}],"wp:attachment":[{"href":"https:\/\/andresmanjon.es\/index.php\/wp-json\/wp\/v2\/media?parent=49"}],"curies":[{"name":"wp","href":"https:\/\/api.w.org\/{rel}","templated":true}]}}