{"id":1324,"date":"2024-04-22T19:21:11","date_gmt":"2024-04-22T19:21:11","guid":{"rendered":"https:\/\/andresmanjon.es\/index.php\/mi-cuenta\/"},"modified":"2024-04-22T19:21:11","modified_gmt":"2024-04-22T19:21:11","slug":"mi-cuenta","status":"publish","type":"page","link":"https:\/\/andresmanjon.es\/index.php\/mi-cuenta\/","title":{"rendered":"Mi cuenta"},"content":{"rendered":"<p>[woocommerce_my_account]<\/p>\n","protected":false},"excerpt":{"rendered":"","protected":false},"author":1,"featured_media":0,"parent":0,"menu_order":0,"comment_status":"closed","ping_status":"closed","template":"","meta":{"jetpack_post_was_ever_published":false,"footnotes":""},"class_list":["post-1324","page","type-page","status-publish","hentry"],"yoast_head":"<!-- This site is optimized with the Yoast SEO plugin v27.5 - https:\/\/yoast.com\/product\/yoast-seo-wordpress\/ -->\n<title>Mi cuenta - MANJON VIVE<\/title>\n<meta name=\"robots\" content=\"index, follow, max-snippet:-1, max-image-preview:large, max-video-preview:-1\" \/>\n<link rel=\"canonical\" href=\"https:\/\/andresmanjon.es\/index.php\/mi-cuenta\/\" \/>\n<meta property=\"og:locale\" content=\"es_ES\" \/>\n<meta property=\"og:type\" content=\"article\" \/>\n<meta property=\"og:title\" content=\"Mi cuenta - MANJON VIVE\" \/>\n<meta property=\"og:url\" content=\"https:\/\/andresmanjon.es\/index.php\/mi-cuenta\/\" \/>\n<meta property=\"og:site_name\" content=\"MANJON VIVE\" \/>\n<meta name=\"twitter:card\" content=\"summary_large_image\" \/>\n<script type=\"application\/ld+json\" class=\"yoast-schema-graph\">{\"@context\":\"https:\\\/\\\/schema.org\",\"@graph\":[{\"@type\":\"WebPage\",\"@id\":\"https:\\\/\\\/andresmanjon.es\\\/index.php\\\/mi-cuenta\\\/\",\"url\":\"https:\\\/\\\/andresmanjon.es\\\/index.php\\\/mi-cuenta\\\/\",\"name\":\"Mi cuenta - MANJON VIVE\",\"isPartOf\":{\"@id\":\"https:\\\/\\\/andresmanjon.es\\\/#website\"},\"datePublished\":\"2024-04-22T19:21:11+00:00\",\"breadcrumb\":{\"@id\":\"https:\\\/\\\/andresmanjon.es\\\/index.php\\\/mi-cuenta\\\/#breadcrumb\"},\"inLanguage\":\"es\",\"potentialAction\":[{\"@type\":\"ReadAction\",\"target\":[\"https:\\\/\\\/andresmanjon.es\\\/index.php\\\/mi-cuenta\\\/\"]}]},{\"@type\":\"BreadcrumbList\",\"@id\":\"https:\\\/\\\/andresmanjon.es\\\/index.php\\\/mi-cuenta\\\/#breadcrumb\",\"itemListElement\":[{\"@type\":\"ListItem\",\"position\":1,\"name\":\"Portada\",\"item\":\"https:\\\/\\\/andresmanjon.es\\\/\"},{\"@type\":\"ListItem\",\"position\":2,\"name\":\"Mi cuenta\"}]},{\"@type\":\"WebSite\",\"@id\":\"https:\\\/\\\/andresmanjon.es\\\/#website\",\"url\":\"https:\\\/\\\/andresmanjon.es\\\/\",\"name\":\"Andr\u00e9s Manj\u00f3n y Manj\u00f3n\",\"description\":\"UNA EDUCACI\u00d3N PARA TODOS\",\"publisher\":{\"@id\":\"https:\\\/\\\/andresmanjon.es\\\/#\\\/schema\\\/person\\\/c3aa9658a78defc49109499b1f40dc3a\"},\"potentialAction\":[{\"@type\":\"SearchAction\",\"target\":{\"@type\":\"EntryPoint\",\"urlTemplate\":\"https:\\\/\\\/andresmanjon.es\\\/?s={search_term_string}\"},\"query-input\":{\"@type\":\"PropertyValueSpecification\",\"valueRequired\":true,\"valueName\":\"search_term_string\"}}],\"inLanguage\":\"es\"},{\"@type\":[\"Person\",\"Organization\"],\"@id\":\"https:\\\/\\\/andresmanjon.es\\\/#\\\/schema\\\/person\\\/c3aa9658a78defc49109499b1f40dc3a\",\"name\":\"Enrique Alonso Guardia\",\"image\":{\"@type\":\"ImageObject\",\"inLanguage\":\"es\",\"@id\":\"https:\\\/\\\/i0.wp.com\\\/andresmanjon.es\\\/wp-content\\\/uploads\\\/2023\\\/12\\\/cropped-logo-1.png?fit=1660%2C548&ssl=1\",\"url\":\"https:\\\/\\\/i0.wp.com\\\/andresmanjon.es\\\/wp-content\\\/uploads\\\/2023\\\/12\\\/cropped-logo-1.png?fit=1660%2C548&ssl=1\",\"contentUrl\":\"https:\\\/\\\/i0.wp.com\\\/andresmanjon.es\\\/wp-content\\\/uploads\\\/2023\\\/12\\\/cropped-logo-1.png?fit=1660%2C548&ssl=1\",\"width\":1660,\"height\":548,\"caption\":\"Enrique Alonso Guardia\"},\"logo\":{\"@id\":\"https:\\\/\\\/i0.wp.com\\\/andresmanjon.es\\\/wp-content\\\/uploads\\\/2023\\\/12\\\/cropped-logo-1.png?fit=1660%2C548&ssl=1\"},\"sameAs\":[\"http:\\\/\\\/www.kalonso.com\"]}]}<\/script>\n<!-- \/ Yoast SEO plugin. -->","yoast_head_json":{"title":"Mi cuenta - MANJON VIVE","robots":{"index":"index","follow":"follow","max-snippet":"max-snippet:-1","max-image-preview":"max-image-preview:large","max-video-preview":"max-video-preview:-1"},"canonical":"https:\/\/andresmanjon.es\/index.php\/mi-cuenta\/","og_locale":"es_ES","og_type":"article","og_title":"Mi cuenta - MANJON VIVE","og_url":"https:\/\/andresmanjon.es\/index.php\/mi-cuenta\/","og_site_name":"MANJON VIVE","twitter_card":"summary_large_image","schema":{"@context":"https:\/\/schema.org","@graph":[{"@type":"WebPage","@id":"https:\/\/andresmanjon.es\/index.php\/mi-cuenta\/","url":"https:\/\/andresmanjon.es\/index.php\/mi-cuenta\/","name":"Mi cuenta - MANJON VIVE","isPartOf":{"@id":"https:\/\/andresmanjon.es\/#website"},"datePublished":"2024-04-22T19:21:11+00:00","breadcrumb":{"@id":"https:\/\/andresmanjon.es\/index.php\/mi-cuenta\/#breadcrumb"},"inLanguage":"es","potentialAction":[{"@type":"ReadAction","target":["https:\/\/andresmanjon.es\/index.php\/mi-cuenta\/"]}]},{"@type":"BreadcrumbList","@id":"https:\/\/andresmanjon.es\/index.php\/mi-cuenta\/#breadcrumb","itemListElement":[{"@type":"ListItem","position":1,"name":"Portada","item":"https:\/\/andresmanjon.es\/"},{"@type":"ListItem","position":2,"name":"Mi cuenta"}]},{"@type":"WebSite","@id":"https:\/\/andresmanjon.es\/#website","url":"https:\/\/andresmanjon.es\/","name":"Andr\u00e9s Manj\u00f3n y Manj\u00f3n","description":"UNA EDUCACI\u00d3N PARA TODOS","publisher":{"@id":"https:\/\/andresmanjon.es\/#\/schema\/person\/c3aa9658a78defc49109499b1f40dc3a"},"potentialAction":[{"@type":"SearchAction","target":{"@type":"EntryPoint","urlTemplate":"https:\/\/andresmanjon.es\/?s={search_term_string}"},"query-input":{"@type":"PropertyValueSpecification","valueRequired":true,"valueName":"search_term_string"}}],"inLanguage":"es"},{"@type":["Person","Organization"],"@id":"https:\/\/andresmanjon.es\/#\/schema\/person\/c3aa9658a78defc49109499b1f40dc3a","name":"Enrique Alonso Guardia","image":{"@type":"ImageObject","inLanguage":"es","@id":"https:\/\/i0.wp.com\/andresmanjon.es\/wp-content\/uploads\/2023\/12\/cropped-logo-1.png?fit=1660%2C548&ssl=1","url":"https:\/\/i0.wp.com\/andresmanjon.es\/wp-content\/uploads\/2023\/12\/cropped-logo-1.png?fit=1660%2C548&ssl=1","contentUrl":"https:\/\/i0.wp.com\/andresmanjon.es\/wp-content\/uploads\/2023\/12\/cropped-logo-1.png?fit=1660%2C548&ssl=1","width":1660,"height":548,"caption":"Enrique Alonso Guardia"},"logo":{"@id":"https:\/\/i0.wp.com\/andresmanjon.es\/wp-content\/uploads\/2023\/12\/cropped-logo-1.png?fit=1660%2C548&ssl=1"},"sameAs":["http:\/\/www.kalonso.com"]}]}},"jetpack-related-posts":[{"id":14,"url":"https:\/\/andresmanjon.es\/","url_meta":{"origin":1324,"position":0},"title":"PRINCIPAL","author":"Enrique Alonso Guardia","date":"12\/20\/2023","format":false,"excerpt":"BIENVENIDO A LA P\u00c1GINA PRINCIPAL DE LA WEB DE ANDR\u00c9S MANJ\u00d3N VIVE Te damos la bienvenida a la p\u00e1gina principal de la web andresmanjon.es. En ella queremos ofrecerte todo el material que hay disponible en internet y en las redes sociales sobre la figura de Andr\u00e9s Manj\u00f3n, todo esto de\u2026","rel":"","context":"Entrada similar","block_context":{"text":"Entrada similar","link":""},"img":{"alt_text":"","src":"","width":0,"height":0},"classes":[]},{"id":406,"url":"https:\/\/andresmanjon.es\/index.php\/biblioteca-digital\/","url_meta":{"origin":1324,"position":1},"title":"BIBLIOTECA DIGITAL","author":"Enrique Alonso Guardia","date":"01\/02\/2024","format":false,"excerpt":"En este apartado de biblioteca digital iremos subiendo los documentos encontrados en internet que pertenecen a ediciones p\u00fablicas de los escritos de D. Andr\u00e9s Manj\u00f3n. Este apartado est\u00e1 en constante construcci\u00f3n. Si encuentra documentaci\u00f3n publicada rogamos nos la env\u00ede a info@andresmanjon.es.*AVISO: Si cree que estos documentos o enlaces van en\u2026","rel":"","context":"Entrada similar","block_context":{"text":"Entrada similar","link":""},"img":{"alt_text":"","src":"https:\/\/i0.wp.com\/andresmanjon.es\/wp-content\/uploads\/2024\/01\/biblioteca_2.webp?fit=1200%2C838&ssl=1&resize=350%2C200","width":350,"height":200,"srcset":"https:\/\/i0.wp.com\/andresmanjon.es\/wp-content\/uploads\/2024\/01\/biblioteca_2.webp?fit=1200%2C838&ssl=1&resize=350%2C200 1x, https:\/\/i0.wp.com\/andresmanjon.es\/wp-content\/uploads\/2024\/01\/biblioteca_2.webp?fit=1200%2C838&ssl=1&resize=525%2C300 1.5x, https:\/\/i0.wp.com\/andresmanjon.es\/wp-content\/uploads\/2024\/01\/biblioteca_2.webp?fit=1200%2C838&ssl=1&resize=700%2C400 2x, https:\/\/i0.wp.com\/andresmanjon.es\/wp-content\/uploads\/2024\/01\/biblioteca_2.webp?fit=1200%2C838&ssl=1&resize=1050%2C600 3x"},"classes":[]}],"jetpack_sharing_enabled":true,"_links":{"self":[{"href":"https:\/\/andresmanjon.es\/index.php\/wp-json\/wp\/v2\/pages\/1324","targetHints":{"allow":["GET"]}}],"collection":[{"href":"https:\/\/andresmanjon.es\/index.php\/wp-json\/wp\/v2\/pages"}],"about":[{"href":"https:\/\/andresmanjon.es\/index.php\/wp-json\/wp\/v2\/types\/page"}],"author":[{"embeddable":true,"href":"https:\/\/andresmanjon.es\/index.php\/wp-json\/wp\/v2\/users\/1"}],"replies":[{"embeddable":true,"href":"https:\/\/andresmanjon.es\/index.php\/wp-json\/wp\/v2\/comments?post=1324"}],"version-history":[{"count":0,"href":"https:\/\/andresmanjon.es\/index.php\/wp-json\/wp\/v2\/pages\/1324\/revisions"}],"wp:attachment":[{"href":"https:\/\/andresmanjon.es\/index.php\/wp-json\/wp\/v2\/media?parent=1324"}],"curies":[{"name":"wp","href":"https:\/\/api.w.org\/{rel}","templated":true}]}}